{"id":17285,"date":"2024-06-16T09:22:14","date_gmt":"2024-06-16T09:22:14","guid":{"rendered":"https:\/\/prinsbarbecuepits.com\/product\/fire-pit-mini\/"},"modified":"2026-05-12T11:45:32","modified_gmt":"2026-05-12T11:45:32","slug":"fire-pit-mini","status":"publish","type":"product","link":"https:\/\/prinsbarbecuepits.com\/de\/produkt\/fire-pit-mini\/","title":{"rendered":"Fire Pit mini"},"content":{"rendered":"<p>[vc_row][vc_column width=&#8220;1\/4&#8243;][\/vc_column][vc_column width=&#8220;1\/2&#8243;][vc_single_image image=&#8220;15670&#8243; css=&#8220;.vc_custom_1775224494070{margin-bottom: 25px !important;}&#8220;][vc_column_text css=&#8220;.vc_custom_1778574045858{margin-bottom: 25px !important;}&#8220;]<\/p>\n<h2 class=\"isSelectedEnd\"><span style=\"font-size: 21px;\">Die perfekte Fire Pit f\u00fcr den Sommer<\/span><\/h2>\n<p class=\"isSelectedEnd\">Stell dir vor: ein warmer Sommerabend. Du kommst gerade von der Arbeit nach Hause und sehnst dich nach einem einfachen, urspr\u00fcnglichen Barbecue-Erlebnis. Mit der Fire Pit Mini in deinem Garten ist genau das sofort m\u00f6glich. Gib etwas Holzkohle hinein \u2013 oder entfache ein kleines Holzfeuer f\u00fcr echte Flammen und die authentische Atmosph\u00e4re.<\/p>\n<p class=\"isSelectedEnd\">Lade ein paar Freunde ein und genie\u00dft gemeinsam das Zischen und Knistern des Feuers. Auf der Plancha br\u00e4t saftiges H\u00e4hnchen, w\u00e4hrend du gleichzeitig deine Br\u00f6tchen erw\u00e4rmst. Der Duft von Rauch liegt in der Luft \u2013 ein Aroma, das man einfach nirgendwo anders bekommt. W\u00e4hrend jeder in das perfekt gegarte Pita-H\u00e4hnchen bei\u00dft, voller Geschmack und mit dieser unverwechselbaren rauchigen Note, sp\u00fcrst du, wie urspr\u00fcnglich und ehrlich Kochen sein kann. Ein herrlicher Sommerabend, alles unter deiner eigenen Kontrolle, gemeinsam genie\u00dfen \u2013 in deinem eigenen Tempo.<\/p>\n<h3 class=\"isSelectedEnd\"><span style=\"font-size: 21px;\">Was wird mitgeliefert?<\/span><\/h3>\n<p class=\"isSelectedEnd\">Diese Fire Pit Mini ist dank ihrer kompakten Gr\u00f6\u00dfe perfekt f\u00fcr den Garten geeignet. Standardm\u00e4\u00dfig wird die Pit mit zwei Grillrosten von 33 x 33 cm sowie zwei Planchas von 33 x 33 cm geliefert. Zus\u00e4tzlich erh\u00e4ltst du einen Aufsatz, mit dem du zusammen mit den Prins Skewers verschiedenste Fisch-, Fleisch- oder Gem\u00fcsegerichte am Spie\u00df zubereiten kannst.<\/p>\n<h3 class=\"isSelectedEnd\"><span style=\"font-size: 21px;\">Wie pflegt man diese Fire Pit?<\/span><\/h3>\n<p class=\"isSelectedEnd\">Die Fire Pit Mini besteht aus unbehandeltem Stahl und muss \u2013 genau wie unsere Smoker \u2013 eingebrannt beziehungsweise seasoned werden. Das geht ganz einfach: Nimm einen alten Lappen und reibe die Fire Pit sowie das Untergestell mit pflanzlichem \u00d6l ein. Anschlie\u00dfend heizt du die Fire Pit an, sodass das \u00d6l einbrennen kann. Wenn du dies regelm\u00e4\u00dfig wiederholst, kann die Fire Pit Mini auch nach 10 Jahren noch wie neu aussehen.<\/p>\n<p class=\"isSelectedEnd\">Entferne am Tag nach der Nutzung die Asche aus der Pit und reinige sie mit Handfeger und Kehrblech. Bewahre alle Teile leicht einge\u00f6lt auf. Ein Regenschauer macht der Fire Pit zwar nichts aus, wirklich gut tut er ihr jedoch nicht. Stelle die Fire Pit daher am besten unter ein Dach oder in einen Schuppen und pflege sie regelm\u00e4\u00dfig weiter. Das regelm\u00e4\u00dfige Seasoning bleibt sowohl f\u00fcr das Untergestell als auch f\u00fcr die Pit selbst wichtig.<\/p>\n<h3 class=\"isSelectedEnd\"><span style=\"font-size: 21px;\"><strong>Fragen<\/strong><\/span><\/h3>\n<p>M\u00f6chtest du mehr \u00fcber die Fire Pit Mini erfahren? Nimm gerne Kontakt mit uns auf.<\/p>\n<p>[\/vc_column_text][\/vc_column][vc_column width=&#8220;1\/4&#8243;][\/vc_column][\/vc_row][vc_row css=&#8220;.vc_custom_1606896290931{padding-top: 60px !important;padding-bottom: 60px !important;background-color: #f9f9f9 !important;}&#8220; responsive_css=&#8220;padding_top_medium:90px|padding_bottom_medium:100px|padding_top_small:60px|padding_bottom_small:60px&#8220;][vc_column align=&#8220;text-center&#8220; offset=&#8220;vc_col-md-offset-3 vc_col-md-6&#8243; css=&#8220;.vc_custom_1606208905051{margin-bottom: 60px !important;}&#8220; responsive_align=&#8220;text-center&#8220;]<style>.ld_fancy_heading_6a091a2c2b0af h2 {margin-bottom:0.4em !important;  } .ld_fancy_heading_6a091a2c2b0af .lqd-highlight-inner{height:0.275em!important;bottom:0px!important;}.ld_fancy_heading_6a091a2c2b0af h2 {margin-bottom:0.4em !important;  } <\/style><div class=\"ld-fancy-heading ld_fancy_heading_6a091a2c2b0af\">\n\t<h2 class=\"ld-fh-element lqd-highlight-underline lqd-highlight-grow-left text-decoration-default\"   >  Kochen auf der Fire Pit mini<\/h2><\/div><style>.ld_fancy_heading_6a091a2c2b3c5 p {font-size:17px; } .ld_fancy_heading_6a091a2c2b3c5 p {line-height:30px; } .ld_fancy_heading_6a091a2c2b3c5 p {--element-line-height:30px; } .ld_fancy_heading_6a091a2c2b3c5 .lqd-highlight-inner{height:0.275em!important;bottom:0px!important;}.ld_fancy_heading_6a091a2c2b3c5 p {font-size:17px; } .ld_fancy_heading_6a091a2c2b3c5 p {line-height:30px; } .ld_fancy_heading_6a091a2c2b3c5 p {--element-line-height:30px; } <\/style><div class=\"ld-fancy-heading ld_fancy_heading_6a091a2c2b3c5\">\n\t<p class=\"ld-fh-element lqd-highlight-underline lqd-highlight-grow-left text-decoration-default\"   >  Das Kochen auf der Mini Fire Pit ist ein echtes Erlebnis f\u00fcr jeden Pitmaster. Die direkte Hitze und das Grillen \u00fcber offenen Flammen sorgen f\u00fcr einen Geschmack, den man in der K\u00fcche einfach nicht erreichen kann.<\/p><\/div>[\/vc_column][vc_column]<style>.carousel-container.ld_carousel_tab_6a091a2c2d4ac .carousel-item{width:100%;flex-basis:100%;padding-inline-start:15px;padding-inline-end:15px;}.carousel-container.ld_carousel_tab_6a091a2c2d4ac .carousel-items{margin-inline-start:-15px;margin-inline-end:-15px;}.ld_carousel_tab_6a091a2c2d4ac.carousel-dots .dot{background:rgba(0, 0, 0, 0.1);border-color:rgba(0, 0, 0, 0.1);color:rgba(0, 0, 0, 0.1);}.ld_carousel_tab_6a091a2c2d4ac.carousel-dots .dot.is-selected, .ld_carousel_tab_6a091a2c2d4ac.carousel-dots .dot:hover{background:rgb(62, 173, 60);border-color:rgb(62, 173, 60);color:rgb(62, 173, 60);}.ld_carousel_tab_6a091a2c2d4ac.carousel-dots{position:relative;top:auto;right:auto;bottom:-15px;left:auto;}@media (min-width: 992px) {.carousel-container.ld_carousel_tab_6a091a2c2d4ac .carousel-item { width:33.333333333333%; flex-basis: 33.333333333333%; }.carousel-container.ld_carousel_tab_6a091a2c2d4ac .carousel-item { padding-inline-start:23px;padding-inline-end:23px;}.carousel-container.ld_carousel_tab_6a091a2c2d4ac .carousel-items { margin-inline-start:-23px;margin-inline-end:-23px;}}<\/style><div id=\"ld_carousel_tab_6a091a2c2d4ac\" class=\"carousel-container carousel-nav-left carousel-nav-mobile-center no carousel-nav-md carousel-dots-mobile-center carousel-dots-sm carousel-dots-style1 carousel-dots-mobile-outside ld_carousel_tab_6a091a2c2d4ac\">\n\n\t<div class=\"carousel-items\"  data-lqd-flickity='{\"cellSelector\":\".carousel-item\",\"cellAlign\":\"left\",\"prevNextButtons\":false,\"pageDots\":true,\"groupCells\":true,\"wrapAround\":true,\"pauseAutoPlayOnHover\":false,\"buttonsAppendTo\":\"self\",\"addSlideNumbersToArrows\":false,\"dotsIndicator\":\"dots\",\"numbersStyle\":\"circle\",\"dotsAppendTo\":\"self\"}' >\n\t<div class=\"carousel-item has-width\"><div class=\"carousel-item-inner\"><div class=\"carousel-item-content\">[vc_row_inner][vc_column_inner align=&#8220;text-center&#8220; responsive_align=&#8220;text-center&#8220;][vc_video link=&#8220;https:\/\/www.youtube.com\/shorts\/ZxOA6WaKt5M&#8220;]<style>.ld_fancy_heading_6a091a2c2bcc5 h3 {margin-bottom:0.6em !important;  } .ld_fancy_heading_6a091a2c2bcc5 .lqd-highlight-inner{height:0.275em!important;bottom:0px!important;}.ld_fancy_heading_6a091a2c2bcc5 h3 {margin-bottom:0.6em !important;  } <\/style><div class=\"ld-fancy-heading ld_fancy_heading_6a091a2c2bcc5\">\n\t<h3 class=\"ld-fh-element lqd-highlight-underline lqd-highlight-grow-left text-decoration-default h5\"   >  Tex-Mex Fajita&#8217;s met bavette en paprika.<\/h3><\/div><style>.ld_fancy_heading_6a091a2c2bee0 p {margin-bottom:2em !important;  } .ld_fancy_heading_6a091a2c2bee0 .lqd-highlight-inner{height:0.275em!important;bottom:0px!important;}.ld_fancy_heading_6a091a2c2bee0 p {margin-bottom:2em !important;  } <\/style><div class=\"ld-fancy-heading ld_fancy_heading_6a091a2c2bee0\">\n\t<p class=\"ld-fh-element lqd-highlight-underline lqd-highlight-grow-left text-decoration-default\"   >  Op de Mini fire pit bereid je fajita&#8217;s pas echt zoals het hoort.<\/p><\/div>[\/vc_column_inner][\/vc_row_inner]<\/div><\/div><\/div><div class=\"carousel-item has-width\"><div class=\"carousel-item-inner\"><div class=\"carousel-item-content\">[vc_row_inner][vc_column_inner align=&#8220;text-center&#8220; responsive_align=&#8220;text-center&#8220;][vc_video link=&#8220;https:\/\/www.youtube.com\/shorts\/Jshu1JSpd5o&#8220;]<style>.ld_fancy_heading_6a091a2c2c762 h3 {margin-bottom:0.6em !important;  } .ld_fancy_heading_6a091a2c2c762 .lqd-highlight-inner{height:0.275em!important;bottom:0px!important;}.ld_fancy_heading_6a091a2c2c762 h3 {margin-bottom:0.6em !important;  } <\/style><div class=\"ld-fancy-heading ld_fancy_heading_6a091a2c2c762\">\n\t<h3 class=\"ld-fh-element lqd-highlight-underline lqd-highlight-grow-left text-decoration-default h5\"   >  Gegrilde zeebaars<\/h3><\/div><style>.ld_fancy_heading_6a091a2c2ca0d p {margin-bottom:2em !important;  } .ld_fancy_heading_6a091a2c2ca0d .lqd-highlight-inner{height:0.275em!important;bottom:0px!important;}.ld_fancy_heading_6a091a2c2ca0d p {margin-bottom:2em !important;  } <\/style><div class=\"ld-fancy-heading ld_fancy_heading_6a091a2c2ca0d\">\n\t<p class=\"ld-fh-element lqd-highlight-underline lqd-highlight-grow-left text-decoration-default\"   >  Ontdek de smaak van vis bereid op echte vlammen.<\/p><\/div>[\/vc_column_inner][\/vc_row_inner]<\/div><\/div><\/div><div class=\"carousel-item has-width\"><div class=\"carousel-item-inner\"><div class=\"carousel-item-content\">[vc_row_inner][vc_column_inner align=&#8220;text-center&#8220; responsive_align=&#8220;text-center&#8220;][vc_video link=&#8220;https:\/\/www.youtube.com\/shorts\/KG7kNqap7OM&#8220;]<style>.ld_fancy_heading_6a091a2c2d187 h3 {margin-bottom:0.6em !important;  } .ld_fancy_heading_6a091a2c2d187 .lqd-highlight-inner{height:0.275em!important;bottom:0px!important;}.ld_fancy_heading_6a091a2c2d187 h3 {margin-bottom:0.6em !important;  } <\/style><div class=\"ld-fancy-heading ld_fancy_heading_6a091a2c2d187\">\n\t<h3 class=\"ld-fh-element lqd-highlight-underline lqd-highlight-grow-left text-decoration-default h5\"   >  Amerikaanse Tri-tip<\/h3><\/div><style>.ld_fancy_heading_6a091a2c2d39e p {margin-bottom:2em !important;  } .ld_fancy_heading_6a091a2c2d39e .lqd-highlight-inner{height:0.275em!important;bottom:0px!important;}.ld_fancy_heading_6a091a2c2d39e p {margin-bottom:2em !important;  } <\/style><div class=\"ld-fancy-heading ld_fancy_heading_6a091a2c2d39e\">\n\t<p class=\"ld-fh-element lqd-highlight-underline lqd-highlight-grow-left text-decoration-default\"   >  Gegrilde Tri-trip met chimmichuri en aardappeltjes.<\/p><\/div>[\/vc_column_inner][\/vc_row_inner]<\/div><\/div><\/div>\t<\/div>\n\n<\/div>[\/vc_column][\/vc_row]<\/p>\n","protected":false},"excerpt":{"rendered":"<p class=\"isSelectedEnd\">F\u00fcr alle, die nicht nur Low &amp; Slow barbecuen m\u00f6chten, sondern auch direkt \u00fcber hei\u00dfen Flammen grillen wollen. Mit der Fire Pit Mini kannst du gleichzeitig auf verschiedenen Ebenen kochen und so mehrere Gerichte parallel zubereiten. Dank der h\u00f6henverstellbaren Grillroste lassen sich langsames Garen und schnelles Grillen perfekt kombinieren.<\/p>\n<p class=\"isSelectedEnd\">Der perfekte Grill f\u00fcr jeden Barbecue-Fan \u2013 und dank der kompakten Gr\u00f6\u00dfe ideal f\u00fcr den Garten.<\/p>\n<p class=\"isSelectedEnd\">Die Fire Pit Mini von Prins wird standardm\u00e4\u00dfig geliefert mit:<\/p>\n<ul data-spread=\"false\">\n<li>2 Grillrosten<\/li>\n<li>2 Planchas<\/li>\n<li>Rostheber + Kohleschaufel<\/li>\n<li>Skewer-Aufsatz<\/li>\n<\/ul>\n<p>Zus\u00e4tzliche Grillroste oder Planchas sind auf Anfrage erh\u00e4ltlich. Preise verstehen sich zzgl. Versandkosten.<\/p>\n","protected":false},"featured_media":17294,"comment_status":"closed","ping_status":"closed","template":"","meta":{"inline_featured_image":false},"product_brand":[],"product_cat":[214],"product_tag":[],"class_list":{"0":"post-17285","1":"product","2":"type-product","3":"status-publish","4":"has-post-thumbnail","6":"product_cat-open-vuur","7":"product_shipping_class-barbecue-nederland","9":"first","10":"instock","11":"taxable","12":"shipping-taxable","13":"purchasable","14":"product-type-simple"},"yoast_head":"<!-- This site is optimized with the Yoast SEO plugin v27.6 - https:\/\/yoast.com\/product\/yoast-seo-wordpress\/ -->\n<title>Kochen \u00fcber echtem Feuer | Fire Pit mini | Prins Barbecue Pits<\/title>\n<meta name=\"description\" content=\"Mit der Fire Pit Mini kochst du drau\u00dfen \u00fcber echtem Feuer. Die verstellbaren Grillroste sorgen f\u00fcr maximale Kontrolle und echten BBQ-Geschmack.\" \/>\n<meta name=\"robots\" content=\"index, follow, max-snippet:-1, max-image-preview:large, max-video-preview:-1\" \/>\n<link rel=\"canonical\" href=\"https:\/\/prinsbarbecuepits.com\/de\/produkt\/fire-pit-mini\/\" \/>\n<meta property=\"og:locale\" content=\"de_DE\" \/>\n<meta property=\"og:type\" content=\"article\" \/>\n<meta property=\"og:title\" content=\"Kochen \u00fcber echtem Feuer | Fire Pit mini | Prins Barbecue Pits\" \/>\n<meta property=\"og:description\" content=\"Mit der Fire Pit Mini kochst du drau\u00dfen \u00fcber echtem Feuer. Die verstellbaren Grillroste sorgen f\u00fcr maximale Kontrolle und echten BBQ-Geschmack.\" \/>\n<meta property=\"og:url\" content=\"https:\/\/prinsbarbecuepits.com\/de\/produkt\/fire-pit-mini\/\" \/>\n<meta property=\"og:site_name\" content=\"Prins Barbecue Pits\" \/>\n<meta property=\"article:modified_time\" content=\"2026-05-12T11:45:32+00:00\" \/>\n<meta property=\"og:image\" content=\"https:\/\/prinsbarbecuepits.com\/wp-content\/uploads\/2024\/06\/Openfirepitmini_1000x900.png\" \/>\n\t<meta property=\"og:image:width\" content=\"900\" \/>\n\t<meta property=\"og:image:height\" content=\"1000\" \/>\n\t<meta property=\"og:image:type\" content=\"image\/png\" \/>\n<meta name=\"twitter:card\" content=\"summary_large_image\" \/>\n<meta name=\"twitter:label1\" content=\"Gesch\u00e4tzte Lesezeit\" \/>\n\t<meta name=\"twitter:data1\" content=\"3\u00a0Minuten\" \/>\n<script type=\"application\/ld+json\" class=\"yoast-schema-graph\">{\"@context\":\"https:\\\/\\\/schema.org\",\"@graph\":[{\"@type\":\"WebPage\",\"@id\":\"https:\\\/\\\/prinsbarbecuepits.com\\\/de\\\/produkt\\\/fire-pit-mini\\\/\",\"url\":\"https:\\\/\\\/prinsbarbecuepits.com\\\/de\\\/produkt\\\/fire-pit-mini\\\/\",\"name\":\"Kochen \u00fcber echtem Feuer | Fire Pit mini | Prins Barbecue Pits\",\"isPartOf\":{\"@id\":\"https:\\\/\\\/prinsbarbecuepits.com\\\/de\\\/#website\"},\"primaryImageOfPage\":{\"@id\":\"https:\\\/\\\/prinsbarbecuepits.com\\\/de\\\/produkt\\\/fire-pit-mini\\\/#primaryimage\"},\"image\":{\"@id\":\"https:\\\/\\\/prinsbarbecuepits.com\\\/de\\\/produkt\\\/fire-pit-mini\\\/#primaryimage\"},\"thumbnailUrl\":\"https:\\\/\\\/prinsbarbecuepits.com\\\/wp-content\\\/uploads\\\/2024\\\/06\\\/Openfirepitmini_1000x900.png\",\"datePublished\":\"2024-06-16T09:22:14+00:00\",\"dateModified\":\"2026-05-12T11:45:32+00:00\",\"description\":\"Mit der Fire Pit Mini kochst du drau\u00dfen \u00fcber echtem Feuer. Die verstellbaren Grillroste sorgen f\u00fcr maximale Kontrolle und echten BBQ-Geschmack.\",\"breadcrumb\":{\"@id\":\"https:\\\/\\\/prinsbarbecuepits.com\\\/de\\\/produkt\\\/fire-pit-mini\\\/#breadcrumb\"},\"inLanguage\":\"de\",\"potentialAction\":[{\"@type\":\"ReadAction\",\"target\":[\"https:\\\/\\\/prinsbarbecuepits.com\\\/de\\\/produkt\\\/fire-pit-mini\\\/\"]}]},{\"@type\":\"ImageObject\",\"inLanguage\":\"de\",\"@id\":\"https:\\\/\\\/prinsbarbecuepits.com\\\/de\\\/produkt\\\/fire-pit-mini\\\/#primaryimage\",\"url\":\"https:\\\/\\\/prinsbarbecuepits.com\\\/wp-content\\\/uploads\\\/2024\\\/06\\\/Openfirepitmini_1000x900.png\",\"contentUrl\":\"https:\\\/\\\/prinsbarbecuepits.com\\\/wp-content\\\/uploads\\\/2024\\\/06\\\/Openfirepitmini_1000x900.png\",\"width\":900,\"height\":1000},{\"@type\":\"BreadcrumbList\",\"@id\":\"https:\\\/\\\/prinsbarbecuepits.com\\\/de\\\/produkt\\\/fire-pit-mini\\\/#breadcrumb\",\"itemListElement\":[{\"@type\":\"ListItem\",\"position\":1,\"name\":\"Home\",\"item\":\"https:\\\/\\\/prinsbarbecuepits.com\\\/de\\\/\"},{\"@type\":\"ListItem\",\"position\":2,\"name\":\"Shop\",\"item\":\"https:\\\/\\\/prinsbarbecuepits.com\\\/de\\\/shop\\\/\"},{\"@type\":\"ListItem\",\"position\":3,\"name\":\"Fire Pit mini\"}]},{\"@type\":\"WebSite\",\"@id\":\"https:\\\/\\\/prinsbarbecuepits.com\\\/de\\\/#website\",\"url\":\"https:\\\/\\\/prinsbarbecuepits.com\\\/de\\\/\",\"name\":\"Prins Barbecue Pits\",\"description\":\"Handgemaakte offset smokers.\",\"publisher\":{\"@id\":\"https:\\\/\\\/prinsbarbecuepits.com\\\/de\\\/#organization\"},\"potentialAction\":[{\"@type\":\"SearchAction\",\"target\":{\"@type\":\"EntryPoint\",\"urlTemplate\":\"https:\\\/\\\/prinsbarbecuepits.com\\\/de\\\/?s={search_term_string}\"},\"query-input\":{\"@type\":\"PropertyValueSpecification\",\"valueRequired\":true,\"valueName\":\"search_term_string\"}}],\"inLanguage\":\"de\"},{\"@type\":\"Organization\",\"@id\":\"https:\\\/\\\/prinsbarbecuepits.com\\\/de\\\/#organization\",\"name\":\"Prins Barbecue Pits\",\"url\":\"https:\\\/\\\/prinsbarbecuepits.com\\\/de\\\/\",\"logo\":{\"@type\":\"ImageObject\",\"inLanguage\":\"de\",\"@id\":\"https:\\\/\\\/prinsbarbecuepits.com\\\/de\\\/#\\\/schema\\\/logo\\\/image\\\/\",\"url\":\"https:\\\/\\\/prinsbarbecuepits.com\\\/wp-content\\\/uploads\\\/2023\\\/05\\\/mobile_logo_mei.png\",\"contentUrl\":\"https:\\\/\\\/prinsbarbecuepits.com\\\/wp-content\\\/uploads\\\/2023\\\/05\\\/mobile_logo_mei.png\",\"width\":150,\"height\":150,\"caption\":\"Prins Barbecue Pits\"},\"image\":{\"@id\":\"https:\\\/\\\/prinsbarbecuepits.com\\\/de\\\/#\\\/schema\\\/logo\\\/image\\\/\"},\"sameAs\":[\"https:\\\/\\\/www.instagram.com\\\/prinsbarbecuepits\\\/\"]}]}<\/script>\n<!-- \/ Yoast SEO plugin. -->","yoast_head_json":{"title":"Kochen \u00fcber echtem Feuer | Fire Pit mini | Prins Barbecue Pits","description":"Mit der Fire Pit Mini kochst du drau\u00dfen \u00fcber echtem Feuer. Die verstellbaren Grillroste sorgen f\u00fcr maximale Kontrolle und echten BBQ-Geschmack.","robots":{"index":"index","follow":"follow","max-snippet":"max-snippet:-1","max-image-preview":"max-image-preview:large","max-video-preview":"max-video-preview:-1"},"canonical":"https:\/\/prinsbarbecuepits.com\/de\/produkt\/fire-pit-mini\/","og_locale":"de_DE","og_type":"article","og_title":"Kochen \u00fcber echtem Feuer | Fire Pit mini | Prins Barbecue Pits","og_description":"Mit der Fire Pit Mini kochst du drau\u00dfen \u00fcber echtem Feuer. Die verstellbaren Grillroste sorgen f\u00fcr maximale Kontrolle und echten BBQ-Geschmack.","og_url":"https:\/\/prinsbarbecuepits.com\/de\/produkt\/fire-pit-mini\/","og_site_name":"Prins Barbecue Pits","article_modified_time":"2026-05-12T11:45:32+00:00","og_image":[{"width":900,"height":1000,"url":"https:\/\/prinsbarbecuepits.com\/wp-content\/uploads\/2024\/06\/Openfirepitmini_1000x900.png","type":"image\/png"}],"twitter_card":"summary_large_image","twitter_misc":{"Gesch\u00e4tzte Lesezeit":"3\u00a0Minuten"},"schema":{"@context":"https:\/\/schema.org","@graph":[{"@type":"WebPage","@id":"https:\/\/prinsbarbecuepits.com\/de\/produkt\/fire-pit-mini\/","url":"https:\/\/prinsbarbecuepits.com\/de\/produkt\/fire-pit-mini\/","name":"Kochen \u00fcber echtem Feuer | Fire Pit mini | Prins Barbecue Pits","isPartOf":{"@id":"https:\/\/prinsbarbecuepits.com\/de\/#website"},"primaryImageOfPage":{"@id":"https:\/\/prinsbarbecuepits.com\/de\/produkt\/fire-pit-mini\/#primaryimage"},"image":{"@id":"https:\/\/prinsbarbecuepits.com\/de\/produkt\/fire-pit-mini\/#primaryimage"},"thumbnailUrl":"https:\/\/prinsbarbecuepits.com\/wp-content\/uploads\/2024\/06\/Openfirepitmini_1000x900.png","datePublished":"2024-06-16T09:22:14+00:00","dateModified":"2026-05-12T11:45:32+00:00","description":"Mit der Fire Pit Mini kochst du drau\u00dfen \u00fcber echtem Feuer. Die verstellbaren Grillroste sorgen f\u00fcr maximale Kontrolle und echten BBQ-Geschmack.","breadcrumb":{"@id":"https:\/\/prinsbarbecuepits.com\/de\/produkt\/fire-pit-mini\/#breadcrumb"},"inLanguage":"de","potentialAction":[{"@type":"ReadAction","target":["https:\/\/prinsbarbecuepits.com\/de\/produkt\/fire-pit-mini\/"]}]},{"@type":"ImageObject","inLanguage":"de","@id":"https:\/\/prinsbarbecuepits.com\/de\/produkt\/fire-pit-mini\/#primaryimage","url":"https:\/\/prinsbarbecuepits.com\/wp-content\/uploads\/2024\/06\/Openfirepitmini_1000x900.png","contentUrl":"https:\/\/prinsbarbecuepits.com\/wp-content\/uploads\/2024\/06\/Openfirepitmini_1000x900.png","width":900,"height":1000},{"@type":"BreadcrumbList","@id":"https:\/\/prinsbarbecuepits.com\/de\/produkt\/fire-pit-mini\/#breadcrumb","itemListElement":[{"@type":"ListItem","position":1,"name":"Home","item":"https:\/\/prinsbarbecuepits.com\/de\/"},{"@type":"ListItem","position":2,"name":"Shop","item":"https:\/\/prinsbarbecuepits.com\/de\/shop\/"},{"@type":"ListItem","position":3,"name":"Fire Pit mini"}]},{"@type":"WebSite","@id":"https:\/\/prinsbarbecuepits.com\/de\/#website","url":"https:\/\/prinsbarbecuepits.com\/de\/","name":"Prins Barbecue Pits","description":"Handgemaakte offset smokers.","publisher":{"@id":"https:\/\/prinsbarbecuepits.com\/de\/#organization"},"potentialAction":[{"@type":"SearchAction","target":{"@type":"EntryPoint","urlTemplate":"https:\/\/prinsbarbecuepits.com\/de\/?s={search_term_string}"},"query-input":{"@type":"PropertyValueSpecification","valueRequired":true,"valueName":"search_term_string"}}],"inLanguage":"de"},{"@type":"Organization","@id":"https:\/\/prinsbarbecuepits.com\/de\/#organization","name":"Prins Barbecue Pits","url":"https:\/\/prinsbarbecuepits.com\/de\/","logo":{"@type":"ImageObject","inLanguage":"de","@id":"https:\/\/prinsbarbecuepits.com\/de\/#\/schema\/logo\/image\/","url":"https:\/\/prinsbarbecuepits.com\/wp-content\/uploads\/2023\/05\/mobile_logo_mei.png","contentUrl":"https:\/\/prinsbarbecuepits.com\/wp-content\/uploads\/2023\/05\/mobile_logo_mei.png","width":150,"height":150,"caption":"Prins Barbecue Pits"},"image":{"@id":"https:\/\/prinsbarbecuepits.com\/de\/#\/schema\/logo\/image\/"},"sameAs":["https:\/\/www.instagram.com\/prinsbarbecuepits\/"]}]}},"_links":{"self":[{"href":"https:\/\/prinsbarbecuepits.com\/de\/wp-json\/wp\/v2\/product\/17285","targetHints":{"allow":["GET"]}}],"collection":[{"href":"https:\/\/prinsbarbecuepits.com\/de\/wp-json\/wp\/v2\/product"}],"about":[{"href":"https:\/\/prinsbarbecuepits.com\/de\/wp-json\/wp\/v2\/types\/product"}],"replies":[{"embeddable":true,"href":"https:\/\/prinsbarbecuepits.com\/de\/wp-json\/wp\/v2\/comments?post=17285"}],"wp:featuredmedia":[{"embeddable":true,"href":"https:\/\/prinsbarbecuepits.com\/de\/wp-json\/wp\/v2\/media\/17294"}],"wp:attachment":[{"href":"https:\/\/prinsbarbecuepits.com\/de\/wp-json\/wp\/v2\/media?parent=17285"}],"wp:term":[{"taxonomy":"product_brand","embeddable":true,"href":"https:\/\/prinsbarbecuepits.com\/de\/wp-json\/wp\/v2\/product_brand?post=17285"},{"taxonomy":"product_cat","embeddable":true,"href":"https:\/\/prinsbarbecuepits.com\/de\/wp-json\/wp\/v2\/product_cat?post=17285"},{"taxonomy":"product_tag","embeddable":true,"href":"https:\/\/prinsbarbecuepits.com\/de\/wp-json\/wp\/v2\/product_tag?post=17285"}],"curies":[{"name":"wp","href":"https:\/\/api.w.org\/{rel}","templated":true}]}}