{"id":17326,"date":"2024-09-14T10:09:13","date_gmt":"2024-09-14T10:09:13","guid":{"rendered":"https:\/\/prinsbarbecuepits.com\/product\/prins-pit-l\/"},"modified":"2026-05-12T11:59:30","modified_gmt":"2026-05-12T11:59:30","slug":"prins-pit-l","status":"publish","type":"product","link":"https:\/\/prinsbarbecuepits.com\/de\/produkt\/prins-pit-l\/","title":{"rendered":"Prins Pit L"},"content":{"rendered":"<p>[vc_row][vc_column width=&#8220;1\/4&#8243;]<style>.ld_spacer_6a091c4a7a993{height:15px;}<\/style>\n<div class=\"ld-empty-space ld_spacer_6a091c4a7a993\"><\/div><style>.ld_spacer_6a091c4a7aabf{height:15px;}<\/style>\n<div class=\"ld-empty-space ld_spacer_6a091c4a7aabf\"><\/div>[vc_separator]<style>.ld_spacer_6a091c4a7ab7e{height:15px;}<\/style>\n<div class=\"ld-empty-space ld_spacer_6a091c4a7ab7e\"><\/div><style>.ld_spacer_6a091c4a7ac31{height:15px;}<\/style>\n<div class=\"ld-empty-space ld_spacer_6a091c4a7ac31\"><\/div><style>.ld_spacer_6a091c4a7acdc{height:15px;}<\/style>\n<div class=\"ld-empty-space ld_spacer_6a091c4a7acdc\"><\/div>[\/vc_column][vc_column width=&#8220;1\/2&#8243;][vc_column_text]<\/p>\n<p class=\"isSelectedEnd\">Schornstein<br \/>\nDer Schornstein des Smokers wurde so entwickelt, dass er den Luftstrom optimal regulieren kann. Die Verschlussklappe an der Oberseite erm\u00f6glicht eine pr\u00e4zise Steuerung des Airflows.<\/p>\n<p class=\"isSelectedEnd\">Grillroste<br \/>\nDer Smoker verf\u00fcgt \u00fcber 2 herausnehmbare Grillroste, damit diese leicht gereinigt werden k\u00f6nnen. Zus\u00e4tzliche Grillroste sind gegen Aufpreis erh\u00e4ltlich.<\/p>\n<p class=\"isSelectedEnd\">Thermometer<br \/>\nDieser Smoker ist mit einem speziell entwickelten Thermometer ausgestattet, das erneut kalibriert werden kann. Dadurch bleibt die Genauigkeit der Messungen auch nach l\u00e4ngerem Gebrauch erhalten. Das Thermometer zeigt die Temperatur sowohl in Grad Celsius als auch in Fahrenheit an. Dank der geringen Messtoleranz liefert es eine zuverl\u00e4ssige Temperaturanzeige im Smoker \u2013 entscheidend f\u00fcr eine stabile und kontrollierte Zubereitung der Speisen.<\/p>\n<p class=\"isSelectedEnd\">R\u00e4der<br \/>\nDie vier industriellen Gummir\u00e4der mit Aluminiumfelgen unter dem Smoker sorgen daf\u00fcr, dass er sich auf befestigten Untergr\u00fcnden leicht bewegen l\u00e4sst.<\/p>\n<p class=\"isSelectedEnd\">Innenraum<br \/>\nDer Smoker wurde so entwickelt, dass deine Gerichte saftig bleiben. In der Garkammer befindet sich eine Stahlplatte mit Platz f\u00fcr eine Wasserschale. Dadurch trocknen die Speisen weniger schnell aus. Am Ende des Smokers befindet sich zus\u00e4tzlich ein Smoke Collector, der f\u00fcr einen perfekten Luftstrom sorgt. So werden deine Gerichte gleichm\u00e4\u00dfig gegart.<\/p>\n<p>Fragen?<br \/>\nHast du Fragen zur Prins Pit L? Dann kontaktiere uns gerne. Wir helfen dir jederzeit weiter.[\/vc_column_text]<style>.ld_spacer_6a091c4a7adab{height:15px;}<\/style>\n<div class=\"ld-empty-space ld_spacer_6a091c4a7adab\"><\/div><style>.ld_fancy_heading_6a091c4a7af44 .lqd-highlight-inner{height:0.275em!important;bottom:0px!important;}<\/style><div class=\"ld-fancy-heading ld_fancy_heading_6a091c4a7af44\">\n\t<h6 class=\"ld-fh-element lqd-highlight-underline lqd-highlight-grow-left text-decoration-default\"   >  Vragen?<\/h6><\/div>[vc_column_text]Heb je vragen over de Prins Pit L? Neem dan <a href=\"https:\/\/prinsbarbecuepits.com\/de\/kontakt\/\">contact<\/a> met ons op. Wij staan je graag te woord.[\/vc_column_text]<style>.ld_spacer_6a091c4a7b11a{height:15px;}<\/style>\n<div class=\"ld-empty-space ld_spacer_6a091c4a7b11a\"><\/div>[\/vc_column][vc_column width=&#8220;1\/4&#8243;][\/vc_column][\/vc_row][vc_row][vc_column width=&#8220;2\/3&#8243;][vc_column_text][\/vc_column_text]<style>.ld_spacer_6a091c4a7b1d5{height:15px;}<\/style>\n<div class=\"ld-empty-space ld_spacer_6a091c4a7b1d5\"><\/div><style>.ld_spacer_6a091c4a7b27c{height:100px;}<\/style>\n<div class=\"ld-empty-space ld_spacer_6a091c4a7b27c\"><\/div><style>.ld_spacer_6a091c4a7b374{height:15px;}<\/style>\n<div class=\"ld-empty-space ld_spacer_6a091c4a7b374\"><\/div>[\/vc_column][vc_column width=&#8220;1\/3&#8243;][\/vc_column][\/vc_row]<\/p>\n","protected":false},"excerpt":{"rendered":"<p class=\"isSelectedEnd\">Die Prins Pit L ist ein kompakter Offset-Smoker \u2013 perfekt f\u00fcr den Garten. Jedes Detail wurde sorgf\u00e4ltig gefertigt, um maximale Langlebigkeit und Benutzerfreundlichkeit zu gew\u00e4hrleisten. Mit diesem Smoker bringst du den authentischen Geschmack und die Atmosph\u00e4re des amerikanischen Barbecues direkt zu dir nach Hause.<\/p>\n<p class=\"isSelectedEnd\">Dieser Smoker enth\u00e4lt:<\/p>\n<ul data-spread=\"false\">\n<li>Plancha in der Firebox<\/li>\n<li>2 herausnehmbare Grillroste<\/li>\n<li>einklappbarer Schornstein<\/li>\n<li>1 Tel-Tru Thermometer<\/li>\n<li>1 Wasserschale<\/li>\n<li>1 Fettauffangbeh\u00e4lter<\/li>\n<\/ul>\n","protected":false},"featured_media":17333,"comment_status":"open","ping_status":"closed","template":"","meta":{"inline_featured_image":false},"product_brand":[],"product_cat":[208],"product_tag":[],"class_list":{"0":"post-17326","1":"product","2":"type-product","3":"status-publish","4":"has-post-thumbnail","6":"product_cat-smokers","7":"product_shipping_class-barbecue-nederland","9":"first","10":"instock","11":"taxable","12":"shipping-taxable","13":"purchasable","14":"product-type-simple"},"yoast_head":"<!-- This site is optimized with the Yoast SEO plugin v27.6 - https:\/\/yoast.com\/product\/yoast-seo-wordpress\/ -->\n<title>Offset-Smoker kaufen | Das perfekte Gartenmodell \u2013 Prins Pit L<\/title>\n<meta name=\"description\" content=\"Hochwertiger Offset-Smoker. Ideal f\u00fcr die Zubereitung gro\u00dfer Fleischmengen. Geeignet f\u00fcr Anf\u00e4nger und erfahrene Pitmaster.\" \/>\n<meta name=\"robots\" content=\"index, follow, max-snippet:-1, max-image-preview:large, max-video-preview:-1\" \/>\n<link rel=\"canonical\" href=\"https:\/\/prinsbarbecuepits.com\/de\/produkt\/prins-pit-l\/\" \/>\n<meta property=\"og:locale\" content=\"de_DE\" \/>\n<meta property=\"og:type\" content=\"article\" \/>\n<meta property=\"og:title\" content=\"Offset-Smoker kaufen | Das perfekte Gartenmodell \u2013 Prins Pit L\" \/>\n<meta property=\"og:description\" content=\"Hochwertiger Offset-Smoker. Ideal f\u00fcr die Zubereitung gro\u00dfer Fleischmengen. Geeignet f\u00fcr Anf\u00e4nger und erfahrene Pitmaster.\" \/>\n<meta property=\"og:url\" content=\"https:\/\/prinsbarbecuepits.com\/de\/produkt\/prins-pit-l\/\" \/>\n<meta property=\"og:site_name\" content=\"Prins Barbecue Pits\" \/>\n<meta property=\"article:modified_time\" content=\"2026-05-12T11:59:30+00:00\" \/>\n<meta property=\"og:image\" content=\"https:\/\/prinsbarbecuepits.com\/wp-content\/uploads\/2024\/09\/recht_prinspit_L.png\" \/>\n\t<meta property=\"og:image:width\" content=\"900\" \/>\n\t<meta property=\"og:image:height\" content=\"1000\" \/>\n\t<meta property=\"og:image:type\" content=\"image\/png\" \/>\n<meta name=\"twitter:card\" content=\"summary_large_image\" \/>\n<meta name=\"twitter:label1\" content=\"Gesch\u00e4tzte Lesezeit\" \/>\n\t<meta name=\"twitter:data1\" content=\"2\u00a0Minuten\" \/>\n<script type=\"application\/ld+json\" class=\"yoast-schema-graph\">{\"@context\":\"https:\\\/\\\/schema.org\",\"@graph\":[{\"@type\":\"WebPage\",\"@id\":\"https:\\\/\\\/prinsbarbecuepits.com\\\/de\\\/produkt\\\/prins-pit-l\\\/\",\"url\":\"https:\\\/\\\/prinsbarbecuepits.com\\\/de\\\/produkt\\\/prins-pit-l\\\/\",\"name\":\"Offset-Smoker kaufen | Das perfekte Gartenmodell \u2013 Prins Pit L\",\"isPartOf\":{\"@id\":\"https:\\\/\\\/prinsbarbecuepits.com\\\/de\\\/#website\"},\"primaryImageOfPage\":{\"@id\":\"https:\\\/\\\/prinsbarbecuepits.com\\\/de\\\/produkt\\\/prins-pit-l\\\/#primaryimage\"},\"image\":{\"@id\":\"https:\\\/\\\/prinsbarbecuepits.com\\\/de\\\/produkt\\\/prins-pit-l\\\/#primaryimage\"},\"thumbnailUrl\":\"https:\\\/\\\/prinsbarbecuepits.com\\\/wp-content\\\/uploads\\\/2024\\\/09\\\/recht_prinspit_L.png\",\"datePublished\":\"2024-09-14T10:09:13+00:00\",\"dateModified\":\"2026-05-12T11:59:30+00:00\",\"description\":\"Hochwertiger Offset-Smoker. Ideal f\u00fcr die Zubereitung gro\u00dfer Fleischmengen. Geeignet f\u00fcr Anf\u00e4nger und erfahrene Pitmaster.\",\"breadcrumb\":{\"@id\":\"https:\\\/\\\/prinsbarbecuepits.com\\\/de\\\/produkt\\\/prins-pit-l\\\/#breadcrumb\"},\"inLanguage\":\"de\",\"potentialAction\":[{\"@type\":\"ReadAction\",\"target\":[\"https:\\\/\\\/prinsbarbecuepits.com\\\/de\\\/produkt\\\/prins-pit-l\\\/\"]}]},{\"@type\":\"ImageObject\",\"inLanguage\":\"de\",\"@id\":\"https:\\\/\\\/prinsbarbecuepits.com\\\/de\\\/produkt\\\/prins-pit-l\\\/#primaryimage\",\"url\":\"https:\\\/\\\/prinsbarbecuepits.com\\\/wp-content\\\/uploads\\\/2024\\\/09\\\/recht_prinspit_L.png\",\"contentUrl\":\"https:\\\/\\\/prinsbarbecuepits.com\\\/wp-content\\\/uploads\\\/2024\\\/09\\\/recht_prinspit_L.png\",\"width\":900,\"height\":1000,\"caption\":\"smoker bbq Prins pit L\"},{\"@type\":\"BreadcrumbList\",\"@id\":\"https:\\\/\\\/prinsbarbecuepits.com\\\/de\\\/produkt\\\/prins-pit-l\\\/#breadcrumb\",\"itemListElement\":[{\"@type\":\"ListItem\",\"position\":1,\"name\":\"Home\",\"item\":\"https:\\\/\\\/prinsbarbecuepits.com\\\/de\\\/\"},{\"@type\":\"ListItem\",\"position\":2,\"name\":\"Shop\",\"item\":\"https:\\\/\\\/prinsbarbecuepits.com\\\/de\\\/shop\\\/\"},{\"@type\":\"ListItem\",\"position\":3,\"name\":\"Prins Pit L\"}]},{\"@type\":\"WebSite\",\"@id\":\"https:\\\/\\\/prinsbarbecuepits.com\\\/de\\\/#website\",\"url\":\"https:\\\/\\\/prinsbarbecuepits.com\\\/de\\\/\",\"name\":\"Prins Barbecue Pits\",\"description\":\"Handgemaakte offset smokers.\",\"publisher\":{\"@id\":\"https:\\\/\\\/prinsbarbecuepits.com\\\/de\\\/#organization\"},\"potentialAction\":[{\"@type\":\"SearchAction\",\"target\":{\"@type\":\"EntryPoint\",\"urlTemplate\":\"https:\\\/\\\/prinsbarbecuepits.com\\\/de\\\/?s={search_term_string}\"},\"query-input\":{\"@type\":\"PropertyValueSpecification\",\"valueRequired\":true,\"valueName\":\"search_term_string\"}}],\"inLanguage\":\"de\"},{\"@type\":\"Organization\",\"@id\":\"https:\\\/\\\/prinsbarbecuepits.com\\\/de\\\/#organization\",\"name\":\"Prins Barbecue Pits\",\"url\":\"https:\\\/\\\/prinsbarbecuepits.com\\\/de\\\/\",\"logo\":{\"@type\":\"ImageObject\",\"inLanguage\":\"de\",\"@id\":\"https:\\\/\\\/prinsbarbecuepits.com\\\/de\\\/#\\\/schema\\\/logo\\\/image\\\/\",\"url\":\"https:\\\/\\\/prinsbarbecuepits.com\\\/wp-content\\\/uploads\\\/2023\\\/05\\\/mobile_logo_mei.png\",\"contentUrl\":\"https:\\\/\\\/prinsbarbecuepits.com\\\/wp-content\\\/uploads\\\/2023\\\/05\\\/mobile_logo_mei.png\",\"width\":150,\"height\":150,\"caption\":\"Prins Barbecue Pits\"},\"image\":{\"@id\":\"https:\\\/\\\/prinsbarbecuepits.com\\\/de\\\/#\\\/schema\\\/logo\\\/image\\\/\"},\"sameAs\":[\"https:\\\/\\\/www.instagram.com\\\/prinsbarbecuepits\\\/\"]}]}<\/script>\n<!-- \/ Yoast SEO plugin. -->","yoast_head_json":{"title":"Offset-Smoker kaufen | Das perfekte Gartenmodell \u2013 Prins Pit L","description":"Hochwertiger Offset-Smoker. Ideal f\u00fcr die Zubereitung gro\u00dfer Fleischmengen. Geeignet f\u00fcr Anf\u00e4nger und erfahrene Pitmaster.","robots":{"index":"index","follow":"follow","max-snippet":"max-snippet:-1","max-image-preview":"max-image-preview:large","max-video-preview":"max-video-preview:-1"},"canonical":"https:\/\/prinsbarbecuepits.com\/de\/produkt\/prins-pit-l\/","og_locale":"de_DE","og_type":"article","og_title":"Offset-Smoker kaufen | Das perfekte Gartenmodell \u2013 Prins Pit L","og_description":"Hochwertiger Offset-Smoker. Ideal f\u00fcr die Zubereitung gro\u00dfer Fleischmengen. Geeignet f\u00fcr Anf\u00e4nger und erfahrene Pitmaster.","og_url":"https:\/\/prinsbarbecuepits.com\/de\/produkt\/prins-pit-l\/","og_site_name":"Prins Barbecue Pits","article_modified_time":"2026-05-12T11:59:30+00:00","og_image":[{"width":900,"height":1000,"url":"https:\/\/prinsbarbecuepits.com\/wp-content\/uploads\/2024\/09\/recht_prinspit_L.png","type":"image\/png"}],"twitter_card":"summary_large_image","twitter_misc":{"Gesch\u00e4tzte Lesezeit":"2\u00a0Minuten"},"schema":{"@context":"https:\/\/schema.org","@graph":[{"@type":"WebPage","@id":"https:\/\/prinsbarbecuepits.com\/de\/produkt\/prins-pit-l\/","url":"https:\/\/prinsbarbecuepits.com\/de\/produkt\/prins-pit-l\/","name":"Offset-Smoker kaufen | Das perfekte Gartenmodell \u2013 Prins Pit L","isPartOf":{"@id":"https:\/\/prinsbarbecuepits.com\/de\/#website"},"primaryImageOfPage":{"@id":"https:\/\/prinsbarbecuepits.com\/de\/produkt\/prins-pit-l\/#primaryimage"},"image":{"@id":"https:\/\/prinsbarbecuepits.com\/de\/produkt\/prins-pit-l\/#primaryimage"},"thumbnailUrl":"https:\/\/prinsbarbecuepits.com\/wp-content\/uploads\/2024\/09\/recht_prinspit_L.png","datePublished":"2024-09-14T10:09:13+00:00","dateModified":"2026-05-12T11:59:30+00:00","description":"Hochwertiger Offset-Smoker. Ideal f\u00fcr die Zubereitung gro\u00dfer Fleischmengen. Geeignet f\u00fcr Anf\u00e4nger und erfahrene Pitmaster.","breadcrumb":{"@id":"https:\/\/prinsbarbecuepits.com\/de\/produkt\/prins-pit-l\/#breadcrumb"},"inLanguage":"de","potentialAction":[{"@type":"ReadAction","target":["https:\/\/prinsbarbecuepits.com\/de\/produkt\/prins-pit-l\/"]}]},{"@type":"ImageObject","inLanguage":"de","@id":"https:\/\/prinsbarbecuepits.com\/de\/produkt\/prins-pit-l\/#primaryimage","url":"https:\/\/prinsbarbecuepits.com\/wp-content\/uploads\/2024\/09\/recht_prinspit_L.png","contentUrl":"https:\/\/prinsbarbecuepits.com\/wp-content\/uploads\/2024\/09\/recht_prinspit_L.png","width":900,"height":1000,"caption":"smoker bbq Prins pit L"},{"@type":"BreadcrumbList","@id":"https:\/\/prinsbarbecuepits.com\/de\/produkt\/prins-pit-l\/#breadcrumb","itemListElement":[{"@type":"ListItem","position":1,"name":"Home","item":"https:\/\/prinsbarbecuepits.com\/de\/"},{"@type":"ListItem","position":2,"name":"Shop","item":"https:\/\/prinsbarbecuepits.com\/de\/shop\/"},{"@type":"ListItem","position":3,"name":"Prins Pit L"}]},{"@type":"WebSite","@id":"https:\/\/prinsbarbecuepits.com\/de\/#website","url":"https:\/\/prinsbarbecuepits.com\/de\/","name":"Prins Barbecue Pits","description":"Handgemaakte offset smokers.","publisher":{"@id":"https:\/\/prinsbarbecuepits.com\/de\/#organization"},"potentialAction":[{"@type":"SearchAction","target":{"@type":"EntryPoint","urlTemplate":"https:\/\/prinsbarbecuepits.com\/de\/?s={search_term_string}"},"query-input":{"@type":"PropertyValueSpecification","valueRequired":true,"valueName":"search_term_string"}}],"inLanguage":"de"},{"@type":"Organization","@id":"https:\/\/prinsbarbecuepits.com\/de\/#organization","name":"Prins Barbecue Pits","url":"https:\/\/prinsbarbecuepits.com\/de\/","logo":{"@type":"ImageObject","inLanguage":"de","@id":"https:\/\/prinsbarbecuepits.com\/de\/#\/schema\/logo\/image\/","url":"https:\/\/prinsbarbecuepits.com\/wp-content\/uploads\/2023\/05\/mobile_logo_mei.png","contentUrl":"https:\/\/prinsbarbecuepits.com\/wp-content\/uploads\/2023\/05\/mobile_logo_mei.png","width":150,"height":150,"caption":"Prins Barbecue Pits"},"image":{"@id":"https:\/\/prinsbarbecuepits.com\/de\/#\/schema\/logo\/image\/"},"sameAs":["https:\/\/www.instagram.com\/prinsbarbecuepits\/"]}]}},"_links":{"self":[{"href":"https:\/\/prinsbarbecuepits.com\/de\/wp-json\/wp\/v2\/product\/17326","targetHints":{"allow":["GET"]}}],"collection":[{"href":"https:\/\/prinsbarbecuepits.com\/de\/wp-json\/wp\/v2\/product"}],"about":[{"href":"https:\/\/prinsbarbecuepits.com\/de\/wp-json\/wp\/v2\/types\/product"}],"replies":[{"embeddable":true,"href":"https:\/\/prinsbarbecuepits.com\/de\/wp-json\/wp\/v2\/comments?post=17326"}],"wp:featuredmedia":[{"embeddable":true,"href":"https:\/\/prinsbarbecuepits.com\/de\/wp-json\/wp\/v2\/media\/17333"}],"wp:attachment":[{"href":"https:\/\/prinsbarbecuepits.com\/de\/wp-json\/wp\/v2\/media?parent=17326"}],"wp:term":[{"taxonomy":"product_brand","embeddable":true,"href":"https:\/\/prinsbarbecuepits.com\/de\/wp-json\/wp\/v2\/product_brand?post=17326"},{"taxonomy":"product_cat","embeddable":true,"href":"https:\/\/prinsbarbecuepits.com\/de\/wp-json\/wp\/v2\/product_cat?post=17326"},{"taxonomy":"product_tag","embeddable":true,"href":"https:\/\/prinsbarbecuepits.com\/de\/wp-json\/wp\/v2\/product_tag?post=17326"}],"curies":[{"name":"wp","href":"https:\/\/api.w.org\/{rel}","templated":true}]}}