{"id":17368,"date":"2023-04-12T19:48:22","date_gmt":"2023-04-12T19:48:22","guid":{"rendered":"https:\/\/prinsbarbecuepits.com\/?post_type=product&#038;p=17368"},"modified":"2026-05-12T11:29:02","modified_gmt":"2026-05-12T11:29:02","slug":"prins-pit-xl","status":"publish","type":"product","link":"https:\/\/prinsbarbecuepits.com\/de\/produkt\/prins-pit-xl\/","title":{"rendered":"Prins Pit XL"},"content":{"rendered":"<p>[vc_row][vc_column width=&#8220;1\/4&#8243;]<style>.ld_spacer_6a091c6774193{height:15px;}<\/style>\n<div class=\"ld-empty-space ld_spacer_6a091c6774193\"><\/div><style>.ld_spacer_6a091c6774288{height:15px;}<\/style>\n<div class=\"ld-empty-space ld_spacer_6a091c6774288\"><\/div>[vc_separator]<style>.ld_spacer_6a091c6774342{height:15px;}<\/style>\n<div class=\"ld-empty-space ld_spacer_6a091c6774342\"><\/div><style>.ld_spacer_6a091c67743f0{height:15px;}<\/style>\n<div class=\"ld-empty-space ld_spacer_6a091c67743f0\"><\/div><style>.ld_spacer_6a091c677449a{height:15px;}<\/style>\n<div class=\"ld-empty-space ld_spacer_6a091c677449a\"><\/div>[\/vc_column][vc_column width=&#8220;1\/2&#8243;][vc_column_text]<\/p>\n<h3 class=\"isSelectedEnd\"><span style=\"font-size: 18px;\">Schornstein<\/span><\/h3>\n<p class=\"isSelectedEnd\">Der Schornstein des Smokers wurde entwickelt, um den Luftstrom optimal zu regulieren. Die Verschlussklappe an der Oberseite erm\u00f6glicht eine pr\u00e4zise Steuerung des Airflows.<\/p>\n<h3 class=\"isSelectedEnd\"><span style=\"font-size: 18px;\">Herausnehmbare Grillroste<\/span><\/h3>\n<p class=\"isSelectedEnd\">Der Smoker wird mit 2 herausnehmbaren Grillrosten geliefert, wodurch die Reinigung besonders einfach ist. Zus\u00e4tzliche Grillroste k\u00f6nnen gegen Aufpreis bestellt werden.<\/p>\n<h3 class=\"isSelectedEnd\"><span style=\"font-size: 18px;\">Thermometer<\/span><\/h3>\n<p class=\"isSelectedEnd\">Der Smoker ist mit einem speziell entwickelten Tel-Tru Thermometer ausgestattet, das neu kalibriert werden kann. Tel-Tru Thermometer sind \u00e4u\u00dferst pr\u00e4zise und messen Temperaturen mit minimaler Toleranz. Dadurch eignet sich das Thermometer perfekt f\u00fcr das genaue und konstante Garen deiner Gerichte.<\/p>\n<h3 class=\"isSelectedEnd\"><span style=\"font-size: 18px;\">R\u00e4der<\/span><\/h3>\n<p class=\"isSelectedEnd\">Die vier industriellen Gummir\u00e4der mit Aluminiumfelgen unter dem Smoker sorgen daf\u00fcr, dass er sich auf befestigten Untergr\u00fcnden leicht bewegen l\u00e4sst.<\/p>\n<h3 class=\"isSelectedEnd\"><span style=\"font-size: 18px;\">Innenraum<\/span><\/h3>\n<p class=\"isSelectedEnd\">Der Smoker wurde entwickelt, um deine Gerichte saftig zu halten. In der Garkammer befindet sich eine Stahlplatte mit Platz f\u00fcr eine Wasserschale. Dadurch wird verhindert, dass das Fleisch austrocknet. Am Ende des Smokers befindet sich zus\u00e4tzlich ein Smoke Collector, der f\u00fcr einen perfekten Luftstrom sorgt. So werden deine Gerichte gleichm\u00e4\u00dfig gegart.<\/p>\n<h3><span style=\"font-size: 18px;\">Fragen?<\/span><\/h3>\n<p>Wenn du Fragen zur Prins Pit XL hast, kontaktiere uns gerne.[\/vc_column_text][vc_column_text]The chimney of the smoker has been designed to regulate airflow effectively. The closure valve on top makes this possible.[\/vc_column_text]<style>.ld_spacer_6a091c6774540{height:15px;}<\/style>\n<div class=\"ld-empty-space ld_spacer_6a091c6774540\"><\/div>[\/vc_column][vc_column width=&#8220;1\/4&#8243;][\/vc_column][\/vc_row][vc_row][vc_column width=&#8220;2\/3&#8243;][vc_column_text][\/vc_column_text]<style>.ld_spacer_6a091c67745fe{height:15px;}<\/style>\n<div class=\"ld-empty-space ld_spacer_6a091c67745fe\"><\/div><style>.ld_spacer_6a091c67746a8{height:100px;}<\/style>\n<div class=\"ld-empty-space ld_spacer_6a091c67746a8\"><\/div><style>.ld_spacer_6a091c677474f{height:15px;}<\/style>\n<div class=\"ld-empty-space ld_spacer_6a091c677474f\"><\/div>[\/vc_column][vc_column width=&#8220;1\/3&#8243;][\/vc_column][\/vc_row]<\/p>\n","protected":false},"excerpt":{"rendered":"<p class=\"isSelectedEnd\">Die Prins Pit XL ist gro\u00df genug, um Freunde und Familie mit den k\u00f6stlichsten Barbecue-Gerichten zu versorgen. Dieser Smoker eignet sich perfekt f\u00fcr Gastronomie, Wettbewerbe, Catering und f\u00fcr echte Barbecue-Liebhaber, die nie genug von rauchigen BBQ-Aromen bekommen.<\/p>\n<p class=\"isSelectedEnd\">Dieser Smoker enth\u00e4lt:<\/p>\n<ul data-spread=\"false\">\n<li>Plancha in der Firebox<\/li>\n<li>2 herausnehmbare Grillroste<\/li>\n<li>einklappbarer Schornstein<\/li>\n<li>1 Tel-Tru Thermometer<\/li>\n<li>1 Wasserschale<\/li>\n<li>1 Fettauffangschale<\/li>\n<\/ul>\n<p>Wenn du mehr Informationen \u00fcber unseren Offset-Smoker erhalten m\u00f6chtest, kontaktiere uns gerne.<\/p>\n<p>&nbsp;<\/p>\n","protected":false},"featured_media":17271,"comment_status":"open","ping_status":"closed","template":"","meta":{"inline_featured_image":false},"product_brand":[],"product_cat":[208],"product_tag":[],"class_list":{"0":"post-17368","1":"product","2":"type-product","3":"status-publish","4":"has-post-thumbnail","6":"product_cat-smokers","7":"product_shipping_class-barbecue-nederland","9":"first","10":"instock","11":"taxable","12":"shipping-taxable","13":"purchasable","14":"product-type-simple"},"yoast_head":"<!-- This site is optimized with the Yoast SEO plugin v27.6 - https:\/\/yoast.com\/product\/yoast-seo-wordpress\/ -->\n<title>Prins Pit XL - Prins Barbecue Pits<\/title>\n<meta name=\"description\" content=\"Die Prins Pit XL ist ein handgefertigter Offset-Smoker f\u00fcr echte BBQ-Liebhaber. Gefertigt aus 8 mm starkem Stahl \u2013 perfekt f\u00fcr echtes Low-&amp;-Slow.\" \/>\n<meta name=\"robots\" content=\"index, follow, max-snippet:-1, max-image-preview:large, max-video-preview:-1\" \/>\n<link rel=\"canonical\" href=\"https:\/\/prinsbarbecuepits.com\/de\/produkt\/prins-pit-xl\/\" \/>\n<meta property=\"og:locale\" content=\"de_DE\" \/>\n<meta property=\"og:type\" content=\"article\" \/>\n<meta property=\"og:title\" content=\"Prins Pit XL - Prins Barbecue Pits\" \/>\n<meta property=\"og:description\" content=\"Die Prins Pit XL ist ein handgefertigter Offset-Smoker f\u00fcr echte BBQ-Liebhaber. Gefertigt aus 8 mm starkem Stahl \u2013 perfekt f\u00fcr echtes Low-&amp;-Slow.\" \/>\n<meta property=\"og:url\" content=\"https:\/\/prinsbarbecuepits.com\/de\/produkt\/prins-pit-xl\/\" \/>\n<meta property=\"og:site_name\" content=\"Prins Barbecue Pits\" \/>\n<meta property=\"article:modified_time\" content=\"2026-05-12T11:29:02+00:00\" \/>\n<meta property=\"og:image\" content=\"https:\/\/prinsbarbecuepits.com\/wp-content\/uploads\/2023\/04\/prinspitXL_transparant_1000x900.png\" \/>\n\t<meta property=\"og:image:width\" content=\"900\" \/>\n\t<meta property=\"og:image:height\" content=\"1000\" \/>\n\t<meta property=\"og:image:type\" content=\"image\/png\" \/>\n<meta name=\"twitter:card\" content=\"summary_large_image\" \/>\n<meta name=\"twitter:label1\" content=\"Gesch\u00e4tzte Lesezeit\" \/>\n\t<meta name=\"twitter:data1\" content=\"2\u00a0Minuten\" \/>\n<script type=\"application\/ld+json\" class=\"yoast-schema-graph\">{\"@context\":\"https:\\\/\\\/schema.org\",\"@graph\":[{\"@type\":\"WebPage\",\"@id\":\"https:\\\/\\\/prinsbarbecuepits.com\\\/de\\\/produkt\\\/prins-pit-xl\\\/\",\"url\":\"https:\\\/\\\/prinsbarbecuepits.com\\\/de\\\/produkt\\\/prins-pit-xl\\\/\",\"name\":\"Prins Pit XL - Prins Barbecue Pits\",\"isPartOf\":{\"@id\":\"https:\\\/\\\/prinsbarbecuepits.com\\\/de\\\/#website\"},\"primaryImageOfPage\":{\"@id\":\"https:\\\/\\\/prinsbarbecuepits.com\\\/de\\\/produkt\\\/prins-pit-xl\\\/#primaryimage\"},\"image\":{\"@id\":\"https:\\\/\\\/prinsbarbecuepits.com\\\/de\\\/produkt\\\/prins-pit-xl\\\/#primaryimage\"},\"thumbnailUrl\":\"https:\\\/\\\/prinsbarbecuepits.com\\\/wp-content\\\/uploads\\\/2023\\\/04\\\/prinspitXL_transparant_1000x900.png\",\"datePublished\":\"2023-04-12T19:48:22+00:00\",\"dateModified\":\"2026-05-12T11:29:02+00:00\",\"description\":\"Die Prins Pit XL ist ein handgefertigter Offset-Smoker f\u00fcr echte BBQ-Liebhaber. Gefertigt aus 8 mm starkem Stahl \u2013 perfekt f\u00fcr echtes Low-&-Slow.\",\"breadcrumb\":{\"@id\":\"https:\\\/\\\/prinsbarbecuepits.com\\\/de\\\/produkt\\\/prins-pit-xl\\\/#breadcrumb\"},\"inLanguage\":\"de\",\"potentialAction\":[{\"@type\":\"ReadAction\",\"target\":[\"https:\\\/\\\/prinsbarbecuepits.com\\\/de\\\/produkt\\\/prins-pit-xl\\\/\"]}]},{\"@type\":\"ImageObject\",\"inLanguage\":\"de\",\"@id\":\"https:\\\/\\\/prinsbarbecuepits.com\\\/de\\\/produkt\\\/prins-pit-xl\\\/#primaryimage\",\"url\":\"https:\\\/\\\/prinsbarbecuepits.com\\\/wp-content\\\/uploads\\\/2023\\\/04\\\/prinspitXL_transparant_1000x900.png\",\"contentUrl\":\"https:\\\/\\\/prinsbarbecuepits.com\\\/wp-content\\\/uploads\\\/2023\\\/04\\\/prinspitXL_transparant_1000x900.png\",\"width\":900,\"height\":1000,\"caption\":\"smoker bbq prins pit xl\"},{\"@type\":\"BreadcrumbList\",\"@id\":\"https:\\\/\\\/prinsbarbecuepits.com\\\/de\\\/produkt\\\/prins-pit-xl\\\/#breadcrumb\",\"itemListElement\":[{\"@type\":\"ListItem\",\"position\":1,\"name\":\"Home\",\"item\":\"https:\\\/\\\/prinsbarbecuepits.com\\\/de\\\/\"},{\"@type\":\"ListItem\",\"position\":2,\"name\":\"Shop\",\"item\":\"https:\\\/\\\/prinsbarbecuepits.com\\\/de\\\/shop\\\/\"},{\"@type\":\"ListItem\",\"position\":3,\"name\":\"Prins Pit XL\"}]},{\"@type\":\"WebSite\",\"@id\":\"https:\\\/\\\/prinsbarbecuepits.com\\\/de\\\/#website\",\"url\":\"https:\\\/\\\/prinsbarbecuepits.com\\\/de\\\/\",\"name\":\"Prins Barbecue Pits\",\"description\":\"Handgemaakte offset smokers.\",\"publisher\":{\"@id\":\"https:\\\/\\\/prinsbarbecuepits.com\\\/de\\\/#organization\"},\"potentialAction\":[{\"@type\":\"SearchAction\",\"target\":{\"@type\":\"EntryPoint\",\"urlTemplate\":\"https:\\\/\\\/prinsbarbecuepits.com\\\/de\\\/?s={search_term_string}\"},\"query-input\":{\"@type\":\"PropertyValueSpecification\",\"valueRequired\":true,\"valueName\":\"search_term_string\"}}],\"inLanguage\":\"de\"},{\"@type\":\"Organization\",\"@id\":\"https:\\\/\\\/prinsbarbecuepits.com\\\/de\\\/#organization\",\"name\":\"Prins Barbecue Pits\",\"url\":\"https:\\\/\\\/prinsbarbecuepits.com\\\/de\\\/\",\"logo\":{\"@type\":\"ImageObject\",\"inLanguage\":\"de\",\"@id\":\"https:\\\/\\\/prinsbarbecuepits.com\\\/de\\\/#\\\/schema\\\/logo\\\/image\\\/\",\"url\":\"https:\\\/\\\/prinsbarbecuepits.com\\\/wp-content\\\/uploads\\\/2023\\\/05\\\/mobile_logo_mei.png\",\"contentUrl\":\"https:\\\/\\\/prinsbarbecuepits.com\\\/wp-content\\\/uploads\\\/2023\\\/05\\\/mobile_logo_mei.png\",\"width\":150,\"height\":150,\"caption\":\"Prins Barbecue Pits\"},\"image\":{\"@id\":\"https:\\\/\\\/prinsbarbecuepits.com\\\/de\\\/#\\\/schema\\\/logo\\\/image\\\/\"},\"sameAs\":[\"https:\\\/\\\/www.instagram.com\\\/prinsbarbecuepits\\\/\"]}]}<\/script>\n<!-- \/ Yoast SEO plugin. -->","yoast_head_json":{"title":"Prins Pit XL - Prins Barbecue Pits","description":"Die Prins Pit XL ist ein handgefertigter Offset-Smoker f\u00fcr echte BBQ-Liebhaber. Gefertigt aus 8 mm starkem Stahl \u2013 perfekt f\u00fcr echtes Low-&-Slow.","robots":{"index":"index","follow":"follow","max-snippet":"max-snippet:-1","max-image-preview":"max-image-preview:large","max-video-preview":"max-video-preview:-1"},"canonical":"https:\/\/prinsbarbecuepits.com\/de\/produkt\/prins-pit-xl\/","og_locale":"de_DE","og_type":"article","og_title":"Prins Pit XL - Prins Barbecue Pits","og_description":"Die Prins Pit XL ist ein handgefertigter Offset-Smoker f\u00fcr echte BBQ-Liebhaber. Gefertigt aus 8 mm starkem Stahl \u2013 perfekt f\u00fcr echtes Low-&-Slow.","og_url":"https:\/\/prinsbarbecuepits.com\/de\/produkt\/prins-pit-xl\/","og_site_name":"Prins Barbecue Pits","article_modified_time":"2026-05-12T11:29:02+00:00","og_image":[{"width":900,"height":1000,"url":"https:\/\/prinsbarbecuepits.com\/wp-content\/uploads\/2023\/04\/prinspitXL_transparant_1000x900.png","type":"image\/png"}],"twitter_card":"summary_large_image","twitter_misc":{"Gesch\u00e4tzte Lesezeit":"2\u00a0Minuten"},"schema":{"@context":"https:\/\/schema.org","@graph":[{"@type":"WebPage","@id":"https:\/\/prinsbarbecuepits.com\/de\/produkt\/prins-pit-xl\/","url":"https:\/\/prinsbarbecuepits.com\/de\/produkt\/prins-pit-xl\/","name":"Prins Pit XL - Prins Barbecue Pits","isPartOf":{"@id":"https:\/\/prinsbarbecuepits.com\/de\/#website"},"primaryImageOfPage":{"@id":"https:\/\/prinsbarbecuepits.com\/de\/produkt\/prins-pit-xl\/#primaryimage"},"image":{"@id":"https:\/\/prinsbarbecuepits.com\/de\/produkt\/prins-pit-xl\/#primaryimage"},"thumbnailUrl":"https:\/\/prinsbarbecuepits.com\/wp-content\/uploads\/2023\/04\/prinspitXL_transparant_1000x900.png","datePublished":"2023-04-12T19:48:22+00:00","dateModified":"2026-05-12T11:29:02+00:00","description":"Die Prins Pit XL ist ein handgefertigter Offset-Smoker f\u00fcr echte BBQ-Liebhaber. Gefertigt aus 8 mm starkem Stahl \u2013 perfekt f\u00fcr echtes Low-&-Slow.","breadcrumb":{"@id":"https:\/\/prinsbarbecuepits.com\/de\/produkt\/prins-pit-xl\/#breadcrumb"},"inLanguage":"de","potentialAction":[{"@type":"ReadAction","target":["https:\/\/prinsbarbecuepits.com\/de\/produkt\/prins-pit-xl\/"]}]},{"@type":"ImageObject","inLanguage":"de","@id":"https:\/\/prinsbarbecuepits.com\/de\/produkt\/prins-pit-xl\/#primaryimage","url":"https:\/\/prinsbarbecuepits.com\/wp-content\/uploads\/2023\/04\/prinspitXL_transparant_1000x900.png","contentUrl":"https:\/\/prinsbarbecuepits.com\/wp-content\/uploads\/2023\/04\/prinspitXL_transparant_1000x900.png","width":900,"height":1000,"caption":"smoker bbq prins pit xl"},{"@type":"BreadcrumbList","@id":"https:\/\/prinsbarbecuepits.com\/de\/produkt\/prins-pit-xl\/#breadcrumb","itemListElement":[{"@type":"ListItem","position":1,"name":"Home","item":"https:\/\/prinsbarbecuepits.com\/de\/"},{"@type":"ListItem","position":2,"name":"Shop","item":"https:\/\/prinsbarbecuepits.com\/de\/shop\/"},{"@type":"ListItem","position":3,"name":"Prins Pit XL"}]},{"@type":"WebSite","@id":"https:\/\/prinsbarbecuepits.com\/de\/#website","url":"https:\/\/prinsbarbecuepits.com\/de\/","name":"Prins Barbecue Pits","description":"Handgemaakte offset smokers.","publisher":{"@id":"https:\/\/prinsbarbecuepits.com\/de\/#organization"},"potentialAction":[{"@type":"SearchAction","target":{"@type":"EntryPoint","urlTemplate":"https:\/\/prinsbarbecuepits.com\/de\/?s={search_term_string}"},"query-input":{"@type":"PropertyValueSpecification","valueRequired":true,"valueName":"search_term_string"}}],"inLanguage":"de"},{"@type":"Organization","@id":"https:\/\/prinsbarbecuepits.com\/de\/#organization","name":"Prins Barbecue Pits","url":"https:\/\/prinsbarbecuepits.com\/de\/","logo":{"@type":"ImageObject","inLanguage":"de","@id":"https:\/\/prinsbarbecuepits.com\/de\/#\/schema\/logo\/image\/","url":"https:\/\/prinsbarbecuepits.com\/wp-content\/uploads\/2023\/05\/mobile_logo_mei.png","contentUrl":"https:\/\/prinsbarbecuepits.com\/wp-content\/uploads\/2023\/05\/mobile_logo_mei.png","width":150,"height":150,"caption":"Prins Barbecue Pits"},"image":{"@id":"https:\/\/prinsbarbecuepits.com\/de\/#\/schema\/logo\/image\/"},"sameAs":["https:\/\/www.instagram.com\/prinsbarbecuepits\/"]}]}},"_links":{"self":[{"href":"https:\/\/prinsbarbecuepits.com\/de\/wp-json\/wp\/v2\/product\/17368","targetHints":{"allow":["GET"]}}],"collection":[{"href":"https:\/\/prinsbarbecuepits.com\/de\/wp-json\/wp\/v2\/product"}],"about":[{"href":"https:\/\/prinsbarbecuepits.com\/de\/wp-json\/wp\/v2\/types\/product"}],"replies":[{"embeddable":true,"href":"https:\/\/prinsbarbecuepits.com\/de\/wp-json\/wp\/v2\/comments?post=17368"}],"wp:featuredmedia":[{"embeddable":true,"href":"https:\/\/prinsbarbecuepits.com\/de\/wp-json\/wp\/v2\/media\/17271"}],"wp:attachment":[{"href":"https:\/\/prinsbarbecuepits.com\/de\/wp-json\/wp\/v2\/media?parent=17368"}],"wp:term":[{"taxonomy":"product_brand","embeddable":true,"href":"https:\/\/prinsbarbecuepits.com\/de\/wp-json\/wp\/v2\/product_brand?post=17368"},{"taxonomy":"product_cat","embeddable":true,"href":"https:\/\/prinsbarbecuepits.com\/de\/wp-json\/wp\/v2\/product_cat?post=17368"},{"taxonomy":"product_tag","embeddable":true,"href":"https:\/\/prinsbarbecuepits.com\/de\/wp-json\/wp\/v2\/product_tag?post=17368"}],"curies":[{"name":"wp","href":"https:\/\/api.w.org\/{rel}","templated":true}]}}