{"id":17381,"date":"2023-12-10T19:54:57","date_gmt":"2023-12-10T19:54:57","guid":{"rendered":"https:\/\/prinsbarbecuepits.com\/product\/open-fire-pit\/"},"modified":"2026-05-12T12:10:43","modified_gmt":"2026-05-12T12:10:43","slug":"open-fire-pit","status":"publish","type":"product","link":"https:\/\/prinsbarbecuepits.com\/de\/produkt\/open-fire-pit\/","title":{"rendered":"Prins Open Fire Pit"},"content":{"rendered":"","protected":false},"excerpt":{"rendered":"<p class=\"isSelectedEnd\">Das Kochen \u00fcber echten Flammen wird mit dieser vielseitigen und robusten Open Fire Pit zu einem einzigartigen Erlebnis. Lass deiner kulinarischen Kreativit\u00e4t freien Lauf und genie\u00dfe die Atmosph\u00e4re und W\u00e4rme des Kochens \u00fcber offenem Feuer. H\u00e4nge einen Dutch Oven \u00fcber das Feuer, gare ein ganzes H\u00e4hnchen oder bereite k\u00f6stliches Gem\u00fcse zu. Diese Fire Pit ist ideal f\u00fcr Feuerliebhaber, Abenteurer, Caterer und alle, die das gewisse Extra suchen.<\/p>\n<p class=\"isSelectedEnd\">Die Open Fire Pit ist einfach in der Handhabung. Die Grillroste sind h\u00f6henverstellbar. Das obere Gestell kann vollst\u00e4ndig vom Untergestell entfernt werden, sodass nur ein W\u00fcrfel von 800 x 800 mm \u00fcbrig bleibt.<\/p>\n<p>Diese Fire Pit besteht aus unbehandeltem Stahl \u2013 also sch\u00f6n eingefettet halten!<\/p>\n","protected":false},"featured_media":17383,"comment_status":"closed","ping_status":"closed","template":"","meta":{"inline_featured_image":false},"product_brand":[],"product_cat":[214],"product_tag":[],"class_list":{"0":"post-17381","1":"product","2":"type-product","3":"status-publish","4":"has-post-thumbnail","6":"product_cat-open-vuur","7":"product_shipping_class-barbecue-nederland","9":"first","10":"instock","11":"taxable","12":"shipping-taxable","13":"purchasable","14":"product-type-simple"},"yoast_head":"<!-- This site is optimized with the Yoast SEO plugin v27.6 - https:\/\/yoast.com\/product\/yoast-seo-wordpress\/ -->\n<title>Prins Open Fire Pit - Prins Barbecue Pits<\/title>\n<meta name=\"description\" content=\"Open Fire Pit aus Stahl f\u00fcr echtes Kochen \u00fcber offenem Feuer. Perfekt zum Grillen, Kochen und Genie\u00dfen im Freien. Premium Qualit\u00e4t!\" \/>\n<meta name=\"robots\" content=\"index, follow, max-snippet:-1, max-image-preview:large, max-video-preview:-1\" \/>\n<link rel=\"canonical\" href=\"https:\/\/prinsbarbecuepits.com\/de\/produkt\/open-fire-pit\/\" \/>\n<meta property=\"og:locale\" content=\"de_DE\" \/>\n<meta property=\"og:type\" content=\"article\" \/>\n<meta property=\"og:title\" content=\"Prins Open Fire Pit - Prins Barbecue Pits\" \/>\n<meta property=\"og:description\" content=\"Open Fire Pit aus Stahl f\u00fcr echtes Kochen \u00fcber offenem Feuer. Perfekt zum Grillen, Kochen und Genie\u00dfen im Freien. Premium Qualit\u00e4t!\" \/>\n<meta property=\"og:url\" content=\"https:\/\/prinsbarbecuepits.com\/de\/produkt\/open-fire-pit\/\" \/>\n<meta property=\"og:site_name\" content=\"Prins Barbecue Pits\" \/>\n<meta property=\"article:modified_time\" content=\"2026-05-12T12:10:43+00:00\" \/>\n<meta property=\"og:image\" content=\"https:\/\/prinsbarbecuepits.com\/wp-content\/uploads\/2023\/12\/openfirepit_1000x900_2.png\" \/>\n\t<meta property=\"og:image:width\" content=\"900\" \/>\n\t<meta property=\"og:image:height\" content=\"1000\" \/>\n\t<meta property=\"og:image:type\" content=\"image\/png\" \/>\n<meta name=\"twitter:card\" content=\"summary_large_image\" \/>\n<meta name=\"twitter:label1\" content=\"Gesch\u00e4tzte Lesezeit\" \/>\n\t<meta name=\"twitter:data1\" content=\"1\u00a0Minute\" \/>\n<script type=\"application\/ld+json\" class=\"yoast-schema-graph\">{\"@context\":\"https:\\\/\\\/schema.org\",\"@graph\":[{\"@type\":\"WebPage\",\"@id\":\"https:\\\/\\\/prinsbarbecuepits.com\\\/de\\\/produkt\\\/open-fire-pit\\\/\",\"url\":\"https:\\\/\\\/prinsbarbecuepits.com\\\/de\\\/produkt\\\/open-fire-pit\\\/\",\"name\":\"Prins Open Fire Pit - Prins Barbecue Pits\",\"isPartOf\":{\"@id\":\"https:\\\/\\\/prinsbarbecuepits.com\\\/de\\\/#website\"},\"primaryImageOfPage\":{\"@id\":\"https:\\\/\\\/prinsbarbecuepits.com\\\/de\\\/produkt\\\/open-fire-pit\\\/#primaryimage\"},\"image\":{\"@id\":\"https:\\\/\\\/prinsbarbecuepits.com\\\/de\\\/produkt\\\/open-fire-pit\\\/#primaryimage\"},\"thumbnailUrl\":\"https:\\\/\\\/prinsbarbecuepits.com\\\/wp-content\\\/uploads\\\/2023\\\/12\\\/openfirepit_1000x900_2.png\",\"datePublished\":\"2023-12-10T19:54:57+00:00\",\"dateModified\":\"2026-05-12T12:10:43+00:00\",\"description\":\"Open Fire Pit aus Stahl f\u00fcr echtes Kochen \u00fcber offenem Feuer. Perfekt zum Grillen, Kochen und Genie\u00dfen im Freien. Premium Qualit\u00e4t!\",\"breadcrumb\":{\"@id\":\"https:\\\/\\\/prinsbarbecuepits.com\\\/de\\\/produkt\\\/open-fire-pit\\\/#breadcrumb\"},\"inLanguage\":\"de\",\"potentialAction\":[{\"@type\":\"ReadAction\",\"target\":[\"https:\\\/\\\/prinsbarbecuepits.com\\\/de\\\/produkt\\\/open-fire-pit\\\/\"]}]},{\"@type\":\"ImageObject\",\"inLanguage\":\"de\",\"@id\":\"https:\\\/\\\/prinsbarbecuepits.com\\\/de\\\/produkt\\\/open-fire-pit\\\/#primaryimage\",\"url\":\"https:\\\/\\\/prinsbarbecuepits.com\\\/wp-content\\\/uploads\\\/2023\\\/12\\\/openfirepit_1000x900_2.png\",\"contentUrl\":\"https:\\\/\\\/prinsbarbecuepits.com\\\/wp-content\\\/uploads\\\/2023\\\/12\\\/openfirepit_1000x900_2.png\",\"width\":900,\"height\":1000},{\"@type\":\"BreadcrumbList\",\"@id\":\"https:\\\/\\\/prinsbarbecuepits.com\\\/de\\\/produkt\\\/open-fire-pit\\\/#breadcrumb\",\"itemListElement\":[{\"@type\":\"ListItem\",\"position\":1,\"name\":\"Home\",\"item\":\"https:\\\/\\\/prinsbarbecuepits.com\\\/de\\\/\"},{\"@type\":\"ListItem\",\"position\":2,\"name\":\"Shop\",\"item\":\"https:\\\/\\\/prinsbarbecuepits.com\\\/de\\\/shop\\\/\"},{\"@type\":\"ListItem\",\"position\":3,\"name\":\"Prins Open Fire Pit\"}]},{\"@type\":\"WebSite\",\"@id\":\"https:\\\/\\\/prinsbarbecuepits.com\\\/de\\\/#website\",\"url\":\"https:\\\/\\\/prinsbarbecuepits.com\\\/de\\\/\",\"name\":\"Prins Barbecue Pits\",\"description\":\"Handgemaakte offset smokers.\",\"publisher\":{\"@id\":\"https:\\\/\\\/prinsbarbecuepits.com\\\/de\\\/#organization\"},\"potentialAction\":[{\"@type\":\"SearchAction\",\"target\":{\"@type\":\"EntryPoint\",\"urlTemplate\":\"https:\\\/\\\/prinsbarbecuepits.com\\\/de\\\/?s={search_term_string}\"},\"query-input\":{\"@type\":\"PropertyValueSpecification\",\"valueRequired\":true,\"valueName\":\"search_term_string\"}}],\"inLanguage\":\"de\"},{\"@type\":\"Organization\",\"@id\":\"https:\\\/\\\/prinsbarbecuepits.com\\\/de\\\/#organization\",\"name\":\"Prins Barbecue Pits\",\"url\":\"https:\\\/\\\/prinsbarbecuepits.com\\\/de\\\/\",\"logo\":{\"@type\":\"ImageObject\",\"inLanguage\":\"de\",\"@id\":\"https:\\\/\\\/prinsbarbecuepits.com\\\/de\\\/#\\\/schema\\\/logo\\\/image\\\/\",\"url\":\"https:\\\/\\\/prinsbarbecuepits.com\\\/wp-content\\\/uploads\\\/2023\\\/05\\\/mobile_logo_mei.png\",\"contentUrl\":\"https:\\\/\\\/prinsbarbecuepits.com\\\/wp-content\\\/uploads\\\/2023\\\/05\\\/mobile_logo_mei.png\",\"width\":150,\"height\":150,\"caption\":\"Prins Barbecue Pits\"},\"image\":{\"@id\":\"https:\\\/\\\/prinsbarbecuepits.com\\\/de\\\/#\\\/schema\\\/logo\\\/image\\\/\"},\"sameAs\":[\"https:\\\/\\\/www.instagram.com\\\/prinsbarbecuepits\\\/\"]}]}<\/script>\n<!-- \/ Yoast SEO plugin. -->","yoast_head_json":{"title":"Prins Open Fire Pit - Prins Barbecue Pits","description":"Open Fire Pit aus Stahl f\u00fcr echtes Kochen \u00fcber offenem Feuer. Perfekt zum Grillen, Kochen und Genie\u00dfen im Freien. Premium Qualit\u00e4t!","robots":{"index":"index","follow":"follow","max-snippet":"max-snippet:-1","max-image-preview":"max-image-preview:large","max-video-preview":"max-video-preview:-1"},"canonical":"https:\/\/prinsbarbecuepits.com\/de\/produkt\/open-fire-pit\/","og_locale":"de_DE","og_type":"article","og_title":"Prins Open Fire Pit - Prins Barbecue Pits","og_description":"Open Fire Pit aus Stahl f\u00fcr echtes Kochen \u00fcber offenem Feuer. Perfekt zum Grillen, Kochen und Genie\u00dfen im Freien. Premium Qualit\u00e4t!","og_url":"https:\/\/prinsbarbecuepits.com\/de\/produkt\/open-fire-pit\/","og_site_name":"Prins Barbecue Pits","article_modified_time":"2026-05-12T12:10:43+00:00","og_image":[{"width":900,"height":1000,"url":"https:\/\/prinsbarbecuepits.com\/wp-content\/uploads\/2023\/12\/openfirepit_1000x900_2.png","type":"image\/png"}],"twitter_card":"summary_large_image","twitter_misc":{"Gesch\u00e4tzte Lesezeit":"1\u00a0Minute"},"schema":{"@context":"https:\/\/schema.org","@graph":[{"@type":"WebPage","@id":"https:\/\/prinsbarbecuepits.com\/de\/produkt\/open-fire-pit\/","url":"https:\/\/prinsbarbecuepits.com\/de\/produkt\/open-fire-pit\/","name":"Prins Open Fire Pit - Prins Barbecue Pits","isPartOf":{"@id":"https:\/\/prinsbarbecuepits.com\/de\/#website"},"primaryImageOfPage":{"@id":"https:\/\/prinsbarbecuepits.com\/de\/produkt\/open-fire-pit\/#primaryimage"},"image":{"@id":"https:\/\/prinsbarbecuepits.com\/de\/produkt\/open-fire-pit\/#primaryimage"},"thumbnailUrl":"https:\/\/prinsbarbecuepits.com\/wp-content\/uploads\/2023\/12\/openfirepit_1000x900_2.png","datePublished":"2023-12-10T19:54:57+00:00","dateModified":"2026-05-12T12:10:43+00:00","description":"Open Fire Pit aus Stahl f\u00fcr echtes Kochen \u00fcber offenem Feuer. Perfekt zum Grillen, Kochen und Genie\u00dfen im Freien. Premium Qualit\u00e4t!","breadcrumb":{"@id":"https:\/\/prinsbarbecuepits.com\/de\/produkt\/open-fire-pit\/#breadcrumb"},"inLanguage":"de","potentialAction":[{"@type":"ReadAction","target":["https:\/\/prinsbarbecuepits.com\/de\/produkt\/open-fire-pit\/"]}]},{"@type":"ImageObject","inLanguage":"de","@id":"https:\/\/prinsbarbecuepits.com\/de\/produkt\/open-fire-pit\/#primaryimage","url":"https:\/\/prinsbarbecuepits.com\/wp-content\/uploads\/2023\/12\/openfirepit_1000x900_2.png","contentUrl":"https:\/\/prinsbarbecuepits.com\/wp-content\/uploads\/2023\/12\/openfirepit_1000x900_2.png","width":900,"height":1000},{"@type":"BreadcrumbList","@id":"https:\/\/prinsbarbecuepits.com\/de\/produkt\/open-fire-pit\/#breadcrumb","itemListElement":[{"@type":"ListItem","position":1,"name":"Home","item":"https:\/\/prinsbarbecuepits.com\/de\/"},{"@type":"ListItem","position":2,"name":"Shop","item":"https:\/\/prinsbarbecuepits.com\/de\/shop\/"},{"@type":"ListItem","position":3,"name":"Prins Open Fire Pit"}]},{"@type":"WebSite","@id":"https:\/\/prinsbarbecuepits.com\/de\/#website","url":"https:\/\/prinsbarbecuepits.com\/de\/","name":"Prins Barbecue Pits","description":"Handgemaakte offset smokers.","publisher":{"@id":"https:\/\/prinsbarbecuepits.com\/de\/#organization"},"potentialAction":[{"@type":"SearchAction","target":{"@type":"EntryPoint","urlTemplate":"https:\/\/prinsbarbecuepits.com\/de\/?s={search_term_string}"},"query-input":{"@type":"PropertyValueSpecification","valueRequired":true,"valueName":"search_term_string"}}],"inLanguage":"de"},{"@type":"Organization","@id":"https:\/\/prinsbarbecuepits.com\/de\/#organization","name":"Prins Barbecue Pits","url":"https:\/\/prinsbarbecuepits.com\/de\/","logo":{"@type":"ImageObject","inLanguage":"de","@id":"https:\/\/prinsbarbecuepits.com\/de\/#\/schema\/logo\/image\/","url":"https:\/\/prinsbarbecuepits.com\/wp-content\/uploads\/2023\/05\/mobile_logo_mei.png","contentUrl":"https:\/\/prinsbarbecuepits.com\/wp-content\/uploads\/2023\/05\/mobile_logo_mei.png","width":150,"height":150,"caption":"Prins Barbecue Pits"},"image":{"@id":"https:\/\/prinsbarbecuepits.com\/de\/#\/schema\/logo\/image\/"},"sameAs":["https:\/\/www.instagram.com\/prinsbarbecuepits\/"]}]}},"_links":{"self":[{"href":"https:\/\/prinsbarbecuepits.com\/de\/wp-json\/wp\/v2\/product\/17381","targetHints":{"allow":["GET"]}}],"collection":[{"href":"https:\/\/prinsbarbecuepits.com\/de\/wp-json\/wp\/v2\/product"}],"about":[{"href":"https:\/\/prinsbarbecuepits.com\/de\/wp-json\/wp\/v2\/types\/product"}],"replies":[{"embeddable":true,"href":"https:\/\/prinsbarbecuepits.com\/de\/wp-json\/wp\/v2\/comments?post=17381"}],"wp:featuredmedia":[{"embeddable":true,"href":"https:\/\/prinsbarbecuepits.com\/de\/wp-json\/wp\/v2\/media\/17383"}],"wp:attachment":[{"href":"https:\/\/prinsbarbecuepits.com\/de\/wp-json\/wp\/v2\/media?parent=17381"}],"wp:term":[{"taxonomy":"product_brand","embeddable":true,"href":"https:\/\/prinsbarbecuepits.com\/de\/wp-json\/wp\/v2\/product_brand?post=17381"},{"taxonomy":"product_cat","embeddable":true,"href":"https:\/\/prinsbarbecuepits.com\/de\/wp-json\/wp\/v2\/product_cat?post=17381"},{"taxonomy":"product_tag","embeddable":true,"href":"https:\/\/prinsbarbecuepits.com\/de\/wp-json\/wp\/v2\/product_tag?post=17381"}],"curies":[{"name":"wp","href":"https:\/\/api.w.org\/{rel}","templated":true}]}}