{"id":17392,"date":"2025-05-27T14:22:54","date_gmt":"2025-05-27T14:22:54","guid":{"rendered":"https:\/\/prinsbarbecuepits.com\/product\/vuurtafel\/"},"modified":"2026-05-12T13:40:48","modified_gmt":"2026-05-12T13:40:48","slug":"open-fire-station","status":"publish","type":"product","link":"https:\/\/prinsbarbecuepits.com\/de\/produkt\/open-fire-station\/","title":{"rendered":"Open Fire Station"},"content":{"rendered":"<p>[vc_row][vc_column width=&#8220;1\/4&#8243;][\/vc_column][vc_column width=&#8220;1\/2&#8243;][vc_column_text]<\/p>\n<h3 class=\"isSelectedEnd\"><span style=\"font-size: 18px;\">Ma\u00dfgefertigte Open Fire Station f\u00fcr Catering &amp; Events<\/span><\/h3>\n<p class=\"isSelectedEnd\">Bringe dein Catering oder Event auf das n\u00e4chste Level mit unserer ma\u00dfgefertigten Open Fire Station. Diese robuste, handgefertigte Cooking Station wurde speziell f\u00fcr das Kochen \u00fcber offenem Feuer entwickelt und schafft sofort ein einzigartiges Erlebnis f\u00fcr deine G\u00e4ste.<\/p>\n<h3 class=\"isSelectedEnd\"><span style=\"font-size: 18px;\">Open Fire Station: vielseitig &amp; mobil<\/span><\/h3>\n<p class=\"isSelectedEnd\">Bereite m\u00fchelos Fleisch, Fisch, Gem\u00fcse und sogar Obst \u00fcber echtem Feuer zu und genie\u00dfe pure, rauchige Aromen. Gleichzeitig ist die Open Fire Station ein echter Blickfang: Die sichtbaren Flammen und der handwerkliche Charakter des Live-Cookings sorgen f\u00fcr eine unvergessliche Atmosph\u00e4re auf jedem Event.<\/p>\n<p class=\"isSelectedEnd\">Dank des modularen Designs l\u00e4sst sich die Open Fire Station vollst\u00e4ndig an deine W\u00fcnsche und Arbeitsweise anpassen. Ideal f\u00fcr den professionellen Einsatz im Catering, aber auch perfekt f\u00fcr exklusive Events und Outdoor-Cooking vor Ort.<\/p>\n<h3 class=\"isSelectedEnd\"><span style=\"font-size: 18px;\">Eigenschaften:<\/span><\/h3>\n<ul data-spread=\"false\">\n<li>Vollst\u00e4ndig ma\u00dfgefertigt<\/li>\n<li>Geeignet f\u00fcr das Kochen \u00fcber offenem Feuer<\/li>\n<li>Modular und flexibel erweiterbar<\/li>\n<li>Perfekt f\u00fcr Catering und Events<\/li>\n<li>Robustes und langlebiges Design<\/li>\n<\/ul>\n<p>[\/vc_column_text]<style>.ld_button_6a091c4a61534.btn-icon-solid .btn-icon{background:#b39457;}.ld_button_6a091c4a61534.btn-icon-circle.btn-icon-ripple .btn-icon:before{border-color:#b39457;}.ld_button_6a091c4a61534{background-color:#b39457;border-color:#b39457;color:rgb(255, 255, 255);}.ld_button_6a091c4a61534 .btn-gradient-border defs stop:first-child{stop-color:#b39457;}.ld_button_6a091c4a61534 .btn-gradient-border defs stop:last-child{stop-color:#b39457;}<\/style><a href=\"https:\/\/prinsbarbecuepits.com\/de\/kontakt\/\" title=\"Contact\" class=\"btn btn-solid text-uppercase btn-xsm semi-round border-thin btn-has-label ld_button_6a091c4a61534 vc_custom_1778593237200\" >\n\t<span>\n\t\n\t\t\t\t\t<span class=\"btn-txt\" data-text=\"Jetzt unverbindlich anfragen\" >Jetzt unverbindlich anfragen<\/span>\n\t\t\n\t\t\t\t\t<\/span>\n<\/a>\n[\/vc_column][vc_column width=&#8220;1\/4&#8243;][\/vc_column][\/vc_row]<\/p>\n","protected":false},"excerpt":{"rendered":"<p class=\"isSelectedEnd\">Ma\u00dfgefertigter Feuertisch f\u00fcr Catering &amp; Events<\/p>\n<p class=\"isSelectedEnd\">Schaffe echte Atmosph\u00e4re mit dem Kochen \u00fcber offenem Feuer. Dieser robuste, handgefertigte Feuertisch wird individuell nach Ma\u00df gefertigt und eignet sich perfekt f\u00fcr den professionellen Einsatz auf Events. Ein echter Blickfang, mit dem du nicht nur kochst, sondern Eindruck hinterl\u00e4sst.<\/p>\n<ul data-spread=\"false\">\n<li>Vollst\u00e4ndig ma\u00dfgefertigt<\/li>\n<li>Geeignet f\u00fcr den intensiven Einsatz auf Events<\/li>\n<li>Einzigartige Kombination aus Kochen und Erlebnis<\/li>\n<\/ul>\n<p>Kontaktiere uns gerne f\u00fcr weitere Informationen.<\/p>\n<p>&nbsp;<\/p>\n","protected":false},"featured_media":17400,"comment_status":"open","ping_status":"closed","template":"","meta":{"inline_featured_image":false},"product_brand":[],"product_cat":[214,216],"product_tag":[],"class_list":{"0":"post-17392","1":"product","2":"type-product","3":"status-publish","4":"has-post-thumbnail","6":"product_cat-open-vuur","7":"product_cat-zakelijk","9":"first","10":"instock","11":"taxable","12":"shipping-taxable","13":"product-type-simple"},"yoast_head":"<!-- This site is optimized with the Yoast SEO plugin v27.6 - https:\/\/yoast.com\/product\/yoast-seo-wordpress\/ -->\n<title>Open Fire Station - Prins Barbecue Pits<\/title>\n<meta name=\"description\" content=\"Ma\u00dfgefertigter Feuertisch? Ideal f\u00fcr BBQ-Caterer, die kreativ kochen und mit Geschmack und Erlebnis auf Events auffallen m\u00f6chten!\" \/>\n<meta name=\"robots\" content=\"index, follow, max-snippet:-1, max-image-preview:large, max-video-preview:-1\" \/>\n<link rel=\"canonical\" href=\"https:\/\/prinsbarbecuepits.com\/de\/produkt\/open-fire-station\/\" \/>\n<meta property=\"og:locale\" content=\"de_DE\" \/>\n<meta property=\"og:type\" content=\"article\" \/>\n<meta property=\"og:title\" content=\"Open Fire Station - Prins Barbecue Pits\" \/>\n<meta property=\"og:description\" content=\"Ma\u00dfgefertigter Feuertisch? Ideal f\u00fcr BBQ-Caterer, die kreativ kochen und mit Geschmack und Erlebnis auf Events auffallen m\u00f6chten!\" \/>\n<meta property=\"og:url\" content=\"https:\/\/prinsbarbecuepits.com\/de\/produkt\/open-fire-station\/\" \/>\n<meta property=\"og:site_name\" content=\"Prins Barbecue Pits\" \/>\n<meta property=\"article:modified_time\" content=\"2026-05-12T13:40:48+00:00\" \/>\n<meta property=\"og:image\" content=\"https:\/\/prinsbarbecuepits.com\/wp-content\/uploads\/2025\/05\/Smokemasters_1000x900.jpg\" \/>\n\t<meta property=\"og:image:width\" content=\"1000\" \/>\n\t<meta property=\"og:image:height\" content=\"900\" \/>\n\t<meta property=\"og:image:type\" content=\"image\/jpeg\" \/>\n<meta name=\"twitter:card\" content=\"summary_large_image\" \/>\n<meta name=\"twitter:label1\" content=\"Gesch\u00e4tzte Lesezeit\" \/>\n\t<meta name=\"twitter:data1\" content=\"2\u00a0Minuten\" \/>\n<script type=\"application\/ld+json\" class=\"yoast-schema-graph\">{\"@context\":\"https:\\\/\\\/schema.org\",\"@graph\":[{\"@type\":\"WebPage\",\"@id\":\"https:\\\/\\\/prinsbarbecuepits.com\\\/de\\\/produkt\\\/open-fire-station\\\/\",\"url\":\"https:\\\/\\\/prinsbarbecuepits.com\\\/de\\\/produkt\\\/open-fire-station\\\/\",\"name\":\"Open Fire Station - Prins Barbecue Pits\",\"isPartOf\":{\"@id\":\"https:\\\/\\\/prinsbarbecuepits.com\\\/de\\\/#website\"},\"primaryImageOfPage\":{\"@id\":\"https:\\\/\\\/prinsbarbecuepits.com\\\/de\\\/produkt\\\/open-fire-station\\\/#primaryimage\"},\"image\":{\"@id\":\"https:\\\/\\\/prinsbarbecuepits.com\\\/de\\\/produkt\\\/open-fire-station\\\/#primaryimage\"},\"thumbnailUrl\":\"https:\\\/\\\/prinsbarbecuepits.com\\\/wp-content\\\/uploads\\\/2025\\\/05\\\/Smokemasters_1000x900.jpg\",\"datePublished\":\"2025-05-27T14:22:54+00:00\",\"dateModified\":\"2026-05-12T13:40:48+00:00\",\"description\":\"Ma\u00dfgefertigter Feuertisch? Ideal f\u00fcr BBQ-Caterer, die kreativ kochen und mit Geschmack und Erlebnis auf Events auffallen m\u00f6chten!\",\"breadcrumb\":{\"@id\":\"https:\\\/\\\/prinsbarbecuepits.com\\\/de\\\/produkt\\\/open-fire-station\\\/#breadcrumb\"},\"inLanguage\":\"de\",\"potentialAction\":[{\"@type\":\"ReadAction\",\"target\":[\"https:\\\/\\\/prinsbarbecuepits.com\\\/de\\\/produkt\\\/open-fire-station\\\/\"]}]},{\"@type\":\"ImageObject\",\"inLanguage\":\"de\",\"@id\":\"https:\\\/\\\/prinsbarbecuepits.com\\\/de\\\/produkt\\\/open-fire-station\\\/#primaryimage\",\"url\":\"https:\\\/\\\/prinsbarbecuepits.com\\\/wp-content\\\/uploads\\\/2025\\\/05\\\/Smokemasters_1000x900.jpg\",\"contentUrl\":\"https:\\\/\\\/prinsbarbecuepits.com\\\/wp-content\\\/uploads\\\/2025\\\/05\\\/Smokemasters_1000x900.jpg\",\"width\":1000,\"height\":900},{\"@type\":\"BreadcrumbList\",\"@id\":\"https:\\\/\\\/prinsbarbecuepits.com\\\/de\\\/produkt\\\/open-fire-station\\\/#breadcrumb\",\"itemListElement\":[{\"@type\":\"ListItem\",\"position\":1,\"name\":\"Home\",\"item\":\"https:\\\/\\\/prinsbarbecuepits.com\\\/de\\\/\"},{\"@type\":\"ListItem\",\"position\":2,\"name\":\"Shop\",\"item\":\"https:\\\/\\\/prinsbarbecuepits.com\\\/de\\\/shop\\\/\"},{\"@type\":\"ListItem\",\"position\":3,\"name\":\"Open Fire Station\"}]},{\"@type\":\"WebSite\",\"@id\":\"https:\\\/\\\/prinsbarbecuepits.com\\\/de\\\/#website\",\"url\":\"https:\\\/\\\/prinsbarbecuepits.com\\\/de\\\/\",\"name\":\"Prins Barbecue Pits\",\"description\":\"Handgemaakte offset smokers.\",\"publisher\":{\"@id\":\"https:\\\/\\\/prinsbarbecuepits.com\\\/de\\\/#organization\"},\"potentialAction\":[{\"@type\":\"SearchAction\",\"target\":{\"@type\":\"EntryPoint\",\"urlTemplate\":\"https:\\\/\\\/prinsbarbecuepits.com\\\/de\\\/?s={search_term_string}\"},\"query-input\":{\"@type\":\"PropertyValueSpecification\",\"valueRequired\":true,\"valueName\":\"search_term_string\"}}],\"inLanguage\":\"de\"},{\"@type\":\"Organization\",\"@id\":\"https:\\\/\\\/prinsbarbecuepits.com\\\/de\\\/#organization\",\"name\":\"Prins Barbecue Pits\",\"url\":\"https:\\\/\\\/prinsbarbecuepits.com\\\/de\\\/\",\"logo\":{\"@type\":\"ImageObject\",\"inLanguage\":\"de\",\"@id\":\"https:\\\/\\\/prinsbarbecuepits.com\\\/de\\\/#\\\/schema\\\/logo\\\/image\\\/\",\"url\":\"https:\\\/\\\/prinsbarbecuepits.com\\\/wp-content\\\/uploads\\\/2023\\\/05\\\/mobile_logo_mei.png\",\"contentUrl\":\"https:\\\/\\\/prinsbarbecuepits.com\\\/wp-content\\\/uploads\\\/2023\\\/05\\\/mobile_logo_mei.png\",\"width\":150,\"height\":150,\"caption\":\"Prins Barbecue Pits\"},\"image\":{\"@id\":\"https:\\\/\\\/prinsbarbecuepits.com\\\/de\\\/#\\\/schema\\\/logo\\\/image\\\/\"},\"sameAs\":[\"https:\\\/\\\/www.instagram.com\\\/prinsbarbecuepits\\\/\"]}]}<\/script>\n<!-- \/ Yoast SEO plugin. -->","yoast_head_json":{"title":"Open Fire Station - Prins Barbecue Pits","description":"Ma\u00dfgefertigter Feuertisch? Ideal f\u00fcr BBQ-Caterer, die kreativ kochen und mit Geschmack und Erlebnis auf Events auffallen m\u00f6chten!","robots":{"index":"index","follow":"follow","max-snippet":"max-snippet:-1","max-image-preview":"max-image-preview:large","max-video-preview":"max-video-preview:-1"},"canonical":"https:\/\/prinsbarbecuepits.com\/de\/produkt\/open-fire-station\/","og_locale":"de_DE","og_type":"article","og_title":"Open Fire Station - Prins Barbecue Pits","og_description":"Ma\u00dfgefertigter Feuertisch? Ideal f\u00fcr BBQ-Caterer, die kreativ kochen und mit Geschmack und Erlebnis auf Events auffallen m\u00f6chten!","og_url":"https:\/\/prinsbarbecuepits.com\/de\/produkt\/open-fire-station\/","og_site_name":"Prins Barbecue Pits","article_modified_time":"2026-05-12T13:40:48+00:00","og_image":[{"width":1000,"height":900,"url":"https:\/\/prinsbarbecuepits.com\/wp-content\/uploads\/2025\/05\/Smokemasters_1000x900.jpg","type":"image\/jpeg"}],"twitter_card":"summary_large_image","twitter_misc":{"Gesch\u00e4tzte Lesezeit":"2\u00a0Minuten"},"schema":{"@context":"https:\/\/schema.org","@graph":[{"@type":"WebPage","@id":"https:\/\/prinsbarbecuepits.com\/de\/produkt\/open-fire-station\/","url":"https:\/\/prinsbarbecuepits.com\/de\/produkt\/open-fire-station\/","name":"Open Fire Station - Prins Barbecue Pits","isPartOf":{"@id":"https:\/\/prinsbarbecuepits.com\/de\/#website"},"primaryImageOfPage":{"@id":"https:\/\/prinsbarbecuepits.com\/de\/produkt\/open-fire-station\/#primaryimage"},"image":{"@id":"https:\/\/prinsbarbecuepits.com\/de\/produkt\/open-fire-station\/#primaryimage"},"thumbnailUrl":"https:\/\/prinsbarbecuepits.com\/wp-content\/uploads\/2025\/05\/Smokemasters_1000x900.jpg","datePublished":"2025-05-27T14:22:54+00:00","dateModified":"2026-05-12T13:40:48+00:00","description":"Ma\u00dfgefertigter Feuertisch? Ideal f\u00fcr BBQ-Caterer, die kreativ kochen und mit Geschmack und Erlebnis auf Events auffallen m\u00f6chten!","breadcrumb":{"@id":"https:\/\/prinsbarbecuepits.com\/de\/produkt\/open-fire-station\/#breadcrumb"},"inLanguage":"de","potentialAction":[{"@type":"ReadAction","target":["https:\/\/prinsbarbecuepits.com\/de\/produkt\/open-fire-station\/"]}]},{"@type":"ImageObject","inLanguage":"de","@id":"https:\/\/prinsbarbecuepits.com\/de\/produkt\/open-fire-station\/#primaryimage","url":"https:\/\/prinsbarbecuepits.com\/wp-content\/uploads\/2025\/05\/Smokemasters_1000x900.jpg","contentUrl":"https:\/\/prinsbarbecuepits.com\/wp-content\/uploads\/2025\/05\/Smokemasters_1000x900.jpg","width":1000,"height":900},{"@type":"BreadcrumbList","@id":"https:\/\/prinsbarbecuepits.com\/de\/produkt\/open-fire-station\/#breadcrumb","itemListElement":[{"@type":"ListItem","position":1,"name":"Home","item":"https:\/\/prinsbarbecuepits.com\/de\/"},{"@type":"ListItem","position":2,"name":"Shop","item":"https:\/\/prinsbarbecuepits.com\/de\/shop\/"},{"@type":"ListItem","position":3,"name":"Open Fire Station"}]},{"@type":"WebSite","@id":"https:\/\/prinsbarbecuepits.com\/de\/#website","url":"https:\/\/prinsbarbecuepits.com\/de\/","name":"Prins Barbecue Pits","description":"Handgemaakte offset smokers.","publisher":{"@id":"https:\/\/prinsbarbecuepits.com\/de\/#organization"},"potentialAction":[{"@type":"SearchAction","target":{"@type":"EntryPoint","urlTemplate":"https:\/\/prinsbarbecuepits.com\/de\/?s={search_term_string}"},"query-input":{"@type":"PropertyValueSpecification","valueRequired":true,"valueName":"search_term_string"}}],"inLanguage":"de"},{"@type":"Organization","@id":"https:\/\/prinsbarbecuepits.com\/de\/#organization","name":"Prins Barbecue Pits","url":"https:\/\/prinsbarbecuepits.com\/de\/","logo":{"@type":"ImageObject","inLanguage":"de","@id":"https:\/\/prinsbarbecuepits.com\/de\/#\/schema\/logo\/image\/","url":"https:\/\/prinsbarbecuepits.com\/wp-content\/uploads\/2023\/05\/mobile_logo_mei.png","contentUrl":"https:\/\/prinsbarbecuepits.com\/wp-content\/uploads\/2023\/05\/mobile_logo_mei.png","width":150,"height":150,"caption":"Prins Barbecue Pits"},"image":{"@id":"https:\/\/prinsbarbecuepits.com\/de\/#\/schema\/logo\/image\/"},"sameAs":["https:\/\/www.instagram.com\/prinsbarbecuepits\/"]}]}},"_links":{"self":[{"href":"https:\/\/prinsbarbecuepits.com\/de\/wp-json\/wp\/v2\/product\/17392","targetHints":{"allow":["GET"]}}],"collection":[{"href":"https:\/\/prinsbarbecuepits.com\/de\/wp-json\/wp\/v2\/product"}],"about":[{"href":"https:\/\/prinsbarbecuepits.com\/de\/wp-json\/wp\/v2\/types\/product"}],"replies":[{"embeddable":true,"href":"https:\/\/prinsbarbecuepits.com\/de\/wp-json\/wp\/v2\/comments?post=17392"}],"wp:featuredmedia":[{"embeddable":true,"href":"https:\/\/prinsbarbecuepits.com\/de\/wp-json\/wp\/v2\/media\/17400"}],"wp:attachment":[{"href":"https:\/\/prinsbarbecuepits.com\/de\/wp-json\/wp\/v2\/media?parent=17392"}],"wp:term":[{"taxonomy":"product_brand","embeddable":true,"href":"https:\/\/prinsbarbecuepits.com\/de\/wp-json\/wp\/v2\/product_brand?post=17392"},{"taxonomy":"product_cat","embeddable":true,"href":"https:\/\/prinsbarbecuepits.com\/de\/wp-json\/wp\/v2\/product_cat?post=17392"},{"taxonomy":"product_tag","embeddable":true,"href":"https:\/\/prinsbarbecuepits.com\/de\/wp-json\/wp\/v2\/product_tag?post=17392"}],"curies":[{"name":"wp","href":"https:\/\/api.w.org\/{rel}","templated":true}]}}