{"id":17440,"date":"2026-02-28T09:58:56","date_gmt":"2026-02-28T09:58:56","guid":{"rendered":"https:\/\/prinsbarbecuepits.com\/product\/bbq-trailer-smoker\/"},"modified":"2026-05-12T13:38:02","modified_gmt":"2026-05-12T13:38:02","slug":"bbq-trailer-smoker","status":"publish","type":"product","link":"https:\/\/prinsbarbecuepits.com\/de\/produkt\/bbq-trailer-smoker\/","title":{"rendered":"BBQ Trailer Smoker"},"content":{"rendered":"<p>[vc_row][vc_column][vc_row_inner][vc_column_inner width=&#8220;1\/6&#8243; responsive_css=&#8220;margin_right_large:20px&#8220;]<style>.ld_spacer_6a091c2f5cc42{height:32px;}<\/style>\n<div class=\"ld-empty-space ld_spacer_6a091c2f5cc42\"><\/div>[\/vc_column_inner][vc_column_inner width=&#8220;2\/3&#8243;][vc_column_text css=&#8220;.vc_custom_1778592365069{margin-top: 25px !important;}&#8220;]<\/p>\n<h2><span style=\"font-size: 21px;\">BBQ Trailer Smoker kaufen<\/span><\/h2>\n<p class=\"isSelectedEnd\">Bei Prins Barbecue Pits entwickeln wir BBQ Trailer Smokers mit einem klaren Fokus auf Handwerkskunst, Langlebigkeit und maximale Funktionalit\u00e4t. Jeder Smoker wird f\u00fcr den intensiven professionellen Einsatz konzipiert und eignet sich ideal f\u00fcr Gastronomie, Catering, Events und andere gro\u00df angelegte Anwendungen. Unser Entwicklungsprozess beginnt bei der Basis: Wir verwenden langlebige, hitzebest\u00e4ndige Materialien, die f\u00fcr eine optimale W\u00e4rmeverteilung und eine langfristig zuverl\u00e4ssige Leistung sorgen. Jedes Design erf\u00fcllt hohe Anforderungen an Sicherheit, Stabilit\u00e4t und Effizienz.<\/p>\n<p class=\"isSelectedEnd\">Die Trailer Smokers sind standardm\u00e4\u00dfig mit einer robusten Garkammer, einer effizienten Luftstromregelung und leicht herausnehmbaren Grillrosten f\u00fcr eine einfache Reinigung ausgestattet. F\u00fcr zus\u00e4tzliche Grillm\u00f6glichkeiten kann ein Santa-Maria-Grill integriert werden, sodass neben Low-&amp;-Slow-Garen auch direktes Grillen m\u00f6glich ist. Optionen wie Wasserpfannen und Smoke Collectors sorgen daf\u00fcr, dass Speisen saftig bleiben und gleichm\u00e4\u00dfig gegart werden \u2013 f\u00fcr professionelle und geschmackvolle Ergebnisse.<\/p>\n<h2><span style=\"font-size: 21px;\">Ma\u00dfanfertigung &amp; professioneller Einsatz<\/span><\/h2>\n<p class=\"isSelectedEnd\">Unsere BBQ Trailer Smokers werden individuell nach Ma\u00df gefertigt. W\u00e4hrend des Entwicklungsprozesses besprechen wir gemeinsam alle W\u00fcnsche \u2013 von der Anordnung der Grillroste und Luftstr\u00f6me bis hin zum Trailerdesign, R\u00e4dern f\u00fcr mehr Mobilit\u00e4t, der Verarbeitung und dem Branding mit Ihrem eigenen Logo. So entsteht ein Trailer Smoker, der nicht nur funktional ist, sondern auch optisch beeindruckt und perfekt zu Ihrem Konzept passt.<\/p>\n<p>Jeder Prins BBQ Trailer Smoker vereint Robustheit, Vielseitigkeit und Pr\u00e4zision. Das Ergebnis ist ein Ger\u00e4t, das sowohl im intensiven t\u00e4glichen Einsatz als auch bei Veranstaltungen \u00fcber viele Jahre hinweg zuverl\u00e4ssige Leistung bietet. Ob Sie gro\u00dfe Mengen an Slow-Cooked-Gerichten zubereiten, spektakul\u00e4re Santa-Maria-Grillerlebnisse schaffen oder Ihren G\u00e4sten eine beeindruckende BBQ-Show bieten m\u00f6chten \u2013 unsere BBQ Trailer Smokers sind daf\u00fcr entwickelt worden.[\/vc_column_text]<style>.ld_button_6a091c2f5cde4.btn-icon-solid .btn-icon{background:#b39457;}.ld_button_6a091c2f5cde4.btn-icon-circle.btn-icon-ripple .btn-icon:before{border-color:#b39457;}.ld_button_6a091c2f5cde4{background-color:#b39457;border-color:#b39457;color:rgb(255, 255, 255);}.ld_button_6a091c2f5cde4 .btn-gradient-border defs stop:first-child{stop-color:#b39457;}.ld_button_6a091c2f5cde4 .btn-gradient-border defs stop:last-child{stop-color:#b39457;}<\/style><a href=\"https:\/\/prinsbarbecuepits.com\/de\/kontakt\/\" title=\"kontakt\" class=\"btn btn-solid btn-xsm semi-round border-thin btn-has-label ld_button_6a091c2f5cde4 vc_custom_1778592411648\" >\n\t<span>\n\t\n\t\t\t\t\t<span class=\"btn-txt\" data-text=\"Jetzt unverbindlich anfragen\" >Jetzt unverbindlich anfragen<\/span>\n\t\t\n\t\t\t\t\t<\/span>\n<\/a>\n[\/vc_column_inner][vc_column_inner width=&#8220;1\/6&#8243;][\/vc_column_inner][\/vc_row_inner]<style>.ld_spacer_6a091c2f5d944{height:32px;}<\/style>\n<div class=\"ld-empty-space ld_spacer_6a091c2f5d944\"><\/div><style>.ld_spacer_6a091c2f5da17{height:32px;}<\/style>\n<div class=\"ld-empty-space ld_spacer_6a091c2f5da17\"><\/div><style>.ld_spacer_6a091c2f5dac6{height:32px;}<\/style>\n<div class=\"ld-empty-space ld_spacer_6a091c2f5dac6\"><\/div>[\/vc_column][\/vc_row]<\/p>\n","protected":false},"excerpt":{"rendered":"<h4><span style=\"font-size: 18px;\">Tanksmoker 600 Gallon Trailer<\/span><\/h4>\n<p>Dieser professionelle BBQ Trailer Smoker bietet eine enorme Kapazit\u00e4t und eine \u00e4u\u00dferst stabile W\u00e4rmeverteilung \u2013 ideal f\u00fcr lange Low-&amp;-Slow-Sessions im Gastronomiebereich, Catering oder bei gro\u00dfen Events. Robust, effizient und f\u00fcr den t\u00e4glichen intensiven Einsatz gebaut. Jeder BBQ Trailer Smoker wird vollst\u00e4ndig nach Ma\u00df gefertigt. Von der Anordnung der Grillroste und der Luftzirkulation bis hin zum Design des Trailers, der Verarbeitung und dem Hinzuf\u00fcgen Ihres eigenen Brandings \u2013 alles wird individuell an Ihre W\u00fcnsche angepasst.<\/p>\n<p><a href=\"https:\/\/prinsbarbecuepits.com\/de\/kontakt\/\"><strong><span style=\"color: #ff6600;\">Besprechen Sie mit uns die M\u00f6glichkeiten f\u00fcr Ihren ma\u00dfgeschneiderten Trailer.<\/span><\/strong><\/a><\/p>\n","protected":false},"featured_media":17446,"comment_status":"closed","ping_status":"closed","template":"","meta":{"inline_featured_image":false},"product_brand":[],"product_cat":[208,216],"product_tag":[],"class_list":{"0":"post-17440","1":"product","2":"type-product","3":"status-publish","4":"has-post-thumbnail","6":"product_cat-smokers","7":"product_cat-zakelijk","9":"first","10":"instock","11":"taxable","12":"shipping-taxable","13":"product-type-simple"},"yoast_head":"<!-- This site is optimized with the Yoast SEO plugin v27.6 - https:\/\/yoast.com\/product\/yoast-seo-wordpress\/ -->\n<title>BBQ Trailer Smoker kaufen | Ma\u00dfanfertigung | Prins Barbecue Pits<\/title>\n<meta name=\"description\" content=\"Barbecue Trailer Smoker kopen voor jouw evenement of festival? Ga voor een echte amerikaanse smoker trailer met robuuste uitstraling en premium kwaliteit.\" \/>\n<meta name=\"robots\" content=\"index, follow, max-snippet:-1, max-image-preview:large, max-video-preview:-1\" \/>\n<link rel=\"canonical\" href=\"https:\/\/prinsbarbecuepits.com\/de\/produkt\/bbq-trailer-smoker\/\" \/>\n<meta property=\"og:locale\" content=\"de_DE\" \/>\n<meta property=\"og:type\" content=\"article\" \/>\n<meta property=\"og:title\" content=\"BBQ Trailer Smoker kaufen | Ma\u00dfanfertigung | Prins Barbecue Pits\" \/>\n<meta property=\"og:description\" content=\"Barbecue Trailer Smoker kopen voor jouw evenement of festival? Ga voor een echte amerikaanse smoker trailer met robuuste uitstraling en premium kwaliteit.\" \/>\n<meta property=\"og:url\" content=\"https:\/\/prinsbarbecuepits.com\/de\/produkt\/bbq-trailer-smoker\/\" \/>\n<meta property=\"og:site_name\" content=\"Prins Barbecue Pits\" \/>\n<meta property=\"article:modified_time\" content=\"2026-05-12T13:38:02+00:00\" \/>\n<meta property=\"og:image\" content=\"https:\/\/prinsbarbecuepits.com\/wp-content\/uploads\/2026\/04\/Trailersmoker_voorkant_800x500.jpg\" \/>\n\t<meta property=\"og:image:width\" content=\"800\" \/>\n\t<meta property=\"og:image:height\" content=\"533\" \/>\n\t<meta property=\"og:image:type\" content=\"image\/jpeg\" \/>\n<meta name=\"twitter:card\" content=\"summary_large_image\" \/>\n<meta name=\"twitter:label1\" content=\"Gesch\u00e4tzte Lesezeit\" \/>\n\t<meta name=\"twitter:data1\" content=\"2\u00a0Minuten\" \/>\n<script type=\"application\/ld+json\" class=\"yoast-schema-graph\">{\"@context\":\"https:\\\/\\\/schema.org\",\"@graph\":[{\"@type\":\"WebPage\",\"@id\":\"https:\\\/\\\/prinsbarbecuepits.com\\\/de\\\/produkt\\\/bbq-trailer-smoker\\\/\",\"url\":\"https:\\\/\\\/prinsbarbecuepits.com\\\/de\\\/produkt\\\/bbq-trailer-smoker\\\/\",\"name\":\"BBQ Trailer Smoker kaufen | Ma\u00dfanfertigung | Prins Barbecue Pits\",\"isPartOf\":{\"@id\":\"https:\\\/\\\/prinsbarbecuepits.com\\\/de\\\/#website\"},\"primaryImageOfPage\":{\"@id\":\"https:\\\/\\\/prinsbarbecuepits.com\\\/de\\\/produkt\\\/bbq-trailer-smoker\\\/#primaryimage\"},\"image\":{\"@id\":\"https:\\\/\\\/prinsbarbecuepits.com\\\/de\\\/produkt\\\/bbq-trailer-smoker\\\/#primaryimage\"},\"thumbnailUrl\":\"https:\\\/\\\/prinsbarbecuepits.com\\\/wp-content\\\/uploads\\\/2026\\\/04\\\/Trailersmoker_voorkant_800x500.jpg\",\"datePublished\":\"2026-02-28T09:58:56+00:00\",\"dateModified\":\"2026-05-12T13:38:02+00:00\",\"description\":\"Barbecue Trailer Smoker kopen voor jouw evenement of festival? Ga voor een echte amerikaanse smoker trailer met robuuste uitstraling en premium kwaliteit.\",\"breadcrumb\":{\"@id\":\"https:\\\/\\\/prinsbarbecuepits.com\\\/de\\\/produkt\\\/bbq-trailer-smoker\\\/#breadcrumb\"},\"inLanguage\":\"de\",\"potentialAction\":[{\"@type\":\"ReadAction\",\"target\":[\"https:\\\/\\\/prinsbarbecuepits.com\\\/de\\\/produkt\\\/bbq-trailer-smoker\\\/\"]}]},{\"@type\":\"ImageObject\",\"inLanguage\":\"de\",\"@id\":\"https:\\\/\\\/prinsbarbecuepits.com\\\/de\\\/produkt\\\/bbq-trailer-smoker\\\/#primaryimage\",\"url\":\"https:\\\/\\\/prinsbarbecuepits.com\\\/wp-content\\\/uploads\\\/2026\\\/04\\\/Trailersmoker_voorkant_800x500.jpg\",\"contentUrl\":\"https:\\\/\\\/prinsbarbecuepits.com\\\/wp-content\\\/uploads\\\/2026\\\/04\\\/Trailersmoker_voorkant_800x500.jpg\",\"width\":800,\"height\":533,\"caption\":\"barbecue aanhanger\"},{\"@type\":\"BreadcrumbList\",\"@id\":\"https:\\\/\\\/prinsbarbecuepits.com\\\/de\\\/produkt\\\/bbq-trailer-smoker\\\/#breadcrumb\",\"itemListElement\":[{\"@type\":\"ListItem\",\"position\":1,\"name\":\"Home\",\"item\":\"https:\\\/\\\/prinsbarbecuepits.com\\\/de\\\/\"},{\"@type\":\"ListItem\",\"position\":2,\"name\":\"Shop\",\"item\":\"https:\\\/\\\/prinsbarbecuepits.com\\\/de\\\/shop\\\/\"},{\"@type\":\"ListItem\",\"position\":3,\"name\":\"BBQ Trailer Smoker\"}]},{\"@type\":\"WebSite\",\"@id\":\"https:\\\/\\\/prinsbarbecuepits.com\\\/de\\\/#website\",\"url\":\"https:\\\/\\\/prinsbarbecuepits.com\\\/de\\\/\",\"name\":\"Prins Barbecue Pits\",\"description\":\"Handgemaakte offset smokers.\",\"publisher\":{\"@id\":\"https:\\\/\\\/prinsbarbecuepits.com\\\/de\\\/#organization\"},\"potentialAction\":[{\"@type\":\"SearchAction\",\"target\":{\"@type\":\"EntryPoint\",\"urlTemplate\":\"https:\\\/\\\/prinsbarbecuepits.com\\\/de\\\/?s={search_term_string}\"},\"query-input\":{\"@type\":\"PropertyValueSpecification\",\"valueRequired\":true,\"valueName\":\"search_term_string\"}}],\"inLanguage\":\"de\"},{\"@type\":\"Organization\",\"@id\":\"https:\\\/\\\/prinsbarbecuepits.com\\\/de\\\/#organization\",\"name\":\"Prins Barbecue Pits\",\"url\":\"https:\\\/\\\/prinsbarbecuepits.com\\\/de\\\/\",\"logo\":{\"@type\":\"ImageObject\",\"inLanguage\":\"de\",\"@id\":\"https:\\\/\\\/prinsbarbecuepits.com\\\/de\\\/#\\\/schema\\\/logo\\\/image\\\/\",\"url\":\"https:\\\/\\\/prinsbarbecuepits.com\\\/wp-content\\\/uploads\\\/2023\\\/05\\\/mobile_logo_mei.png\",\"contentUrl\":\"https:\\\/\\\/prinsbarbecuepits.com\\\/wp-content\\\/uploads\\\/2023\\\/05\\\/mobile_logo_mei.png\",\"width\":150,\"height\":150,\"caption\":\"Prins Barbecue Pits\"},\"image\":{\"@id\":\"https:\\\/\\\/prinsbarbecuepits.com\\\/de\\\/#\\\/schema\\\/logo\\\/image\\\/\"},\"sameAs\":[\"https:\\\/\\\/www.instagram.com\\\/prinsbarbecuepits\\\/\"]}]}<\/script>\n<!-- \/ Yoast SEO plugin. -->","yoast_head_json":{"title":"BBQ Trailer Smoker kaufen | Ma\u00dfanfertigung | Prins Barbecue Pits","description":"Barbecue Trailer Smoker kopen voor jouw evenement of festival? Ga voor een echte amerikaanse smoker trailer met robuuste uitstraling en premium kwaliteit.","robots":{"index":"index","follow":"follow","max-snippet":"max-snippet:-1","max-image-preview":"max-image-preview:large","max-video-preview":"max-video-preview:-1"},"canonical":"https:\/\/prinsbarbecuepits.com\/de\/produkt\/bbq-trailer-smoker\/","og_locale":"de_DE","og_type":"article","og_title":"BBQ Trailer Smoker kaufen | Ma\u00dfanfertigung | Prins Barbecue Pits","og_description":"Barbecue Trailer Smoker kopen voor jouw evenement of festival? Ga voor een echte amerikaanse smoker trailer met robuuste uitstraling en premium kwaliteit.","og_url":"https:\/\/prinsbarbecuepits.com\/de\/produkt\/bbq-trailer-smoker\/","og_site_name":"Prins Barbecue Pits","article_modified_time":"2026-05-12T13:38:02+00:00","og_image":[{"width":800,"height":533,"url":"https:\/\/prinsbarbecuepits.com\/wp-content\/uploads\/2026\/04\/Trailersmoker_voorkant_800x500.jpg","type":"image\/jpeg"}],"twitter_card":"summary_large_image","twitter_misc":{"Gesch\u00e4tzte Lesezeit":"2\u00a0Minuten"},"schema":{"@context":"https:\/\/schema.org","@graph":[{"@type":"WebPage","@id":"https:\/\/prinsbarbecuepits.com\/de\/produkt\/bbq-trailer-smoker\/","url":"https:\/\/prinsbarbecuepits.com\/de\/produkt\/bbq-trailer-smoker\/","name":"BBQ Trailer Smoker kaufen | Ma\u00dfanfertigung | Prins Barbecue Pits","isPartOf":{"@id":"https:\/\/prinsbarbecuepits.com\/de\/#website"},"primaryImageOfPage":{"@id":"https:\/\/prinsbarbecuepits.com\/de\/produkt\/bbq-trailer-smoker\/#primaryimage"},"image":{"@id":"https:\/\/prinsbarbecuepits.com\/de\/produkt\/bbq-trailer-smoker\/#primaryimage"},"thumbnailUrl":"https:\/\/prinsbarbecuepits.com\/wp-content\/uploads\/2026\/04\/Trailersmoker_voorkant_800x500.jpg","datePublished":"2026-02-28T09:58:56+00:00","dateModified":"2026-05-12T13:38:02+00:00","description":"Barbecue Trailer Smoker kopen voor jouw evenement of festival? Ga voor een echte amerikaanse smoker trailer met robuuste uitstraling en premium kwaliteit.","breadcrumb":{"@id":"https:\/\/prinsbarbecuepits.com\/de\/produkt\/bbq-trailer-smoker\/#breadcrumb"},"inLanguage":"de","potentialAction":[{"@type":"ReadAction","target":["https:\/\/prinsbarbecuepits.com\/de\/produkt\/bbq-trailer-smoker\/"]}]},{"@type":"ImageObject","inLanguage":"de","@id":"https:\/\/prinsbarbecuepits.com\/de\/produkt\/bbq-trailer-smoker\/#primaryimage","url":"https:\/\/prinsbarbecuepits.com\/wp-content\/uploads\/2026\/04\/Trailersmoker_voorkant_800x500.jpg","contentUrl":"https:\/\/prinsbarbecuepits.com\/wp-content\/uploads\/2026\/04\/Trailersmoker_voorkant_800x500.jpg","width":800,"height":533,"caption":"barbecue aanhanger"},{"@type":"BreadcrumbList","@id":"https:\/\/prinsbarbecuepits.com\/de\/produkt\/bbq-trailer-smoker\/#breadcrumb","itemListElement":[{"@type":"ListItem","position":1,"name":"Home","item":"https:\/\/prinsbarbecuepits.com\/de\/"},{"@type":"ListItem","position":2,"name":"Shop","item":"https:\/\/prinsbarbecuepits.com\/de\/shop\/"},{"@type":"ListItem","position":3,"name":"BBQ Trailer Smoker"}]},{"@type":"WebSite","@id":"https:\/\/prinsbarbecuepits.com\/de\/#website","url":"https:\/\/prinsbarbecuepits.com\/de\/","name":"Prins Barbecue Pits","description":"Handgemaakte offset smokers.","publisher":{"@id":"https:\/\/prinsbarbecuepits.com\/de\/#organization"},"potentialAction":[{"@type":"SearchAction","target":{"@type":"EntryPoint","urlTemplate":"https:\/\/prinsbarbecuepits.com\/de\/?s={search_term_string}"},"query-input":{"@type":"PropertyValueSpecification","valueRequired":true,"valueName":"search_term_string"}}],"inLanguage":"de"},{"@type":"Organization","@id":"https:\/\/prinsbarbecuepits.com\/de\/#organization","name":"Prins Barbecue Pits","url":"https:\/\/prinsbarbecuepits.com\/de\/","logo":{"@type":"ImageObject","inLanguage":"de","@id":"https:\/\/prinsbarbecuepits.com\/de\/#\/schema\/logo\/image\/","url":"https:\/\/prinsbarbecuepits.com\/wp-content\/uploads\/2023\/05\/mobile_logo_mei.png","contentUrl":"https:\/\/prinsbarbecuepits.com\/wp-content\/uploads\/2023\/05\/mobile_logo_mei.png","width":150,"height":150,"caption":"Prins Barbecue Pits"},"image":{"@id":"https:\/\/prinsbarbecuepits.com\/de\/#\/schema\/logo\/image\/"},"sameAs":["https:\/\/www.instagram.com\/prinsbarbecuepits\/"]}]}},"_links":{"self":[{"href":"https:\/\/prinsbarbecuepits.com\/de\/wp-json\/wp\/v2\/product\/17440","targetHints":{"allow":["GET"]}}],"collection":[{"href":"https:\/\/prinsbarbecuepits.com\/de\/wp-json\/wp\/v2\/product"}],"about":[{"href":"https:\/\/prinsbarbecuepits.com\/de\/wp-json\/wp\/v2\/types\/product"}],"replies":[{"embeddable":true,"href":"https:\/\/prinsbarbecuepits.com\/de\/wp-json\/wp\/v2\/comments?post=17440"}],"wp:featuredmedia":[{"embeddable":true,"href":"https:\/\/prinsbarbecuepits.com\/de\/wp-json\/wp\/v2\/media\/17446"}],"wp:attachment":[{"href":"https:\/\/prinsbarbecuepits.com\/de\/wp-json\/wp\/v2\/media?parent=17440"}],"wp:term":[{"taxonomy":"product_brand","embeddable":true,"href":"https:\/\/prinsbarbecuepits.com\/de\/wp-json\/wp\/v2\/product_brand?post=17440"},{"taxonomy":"product_cat","embeddable":true,"href":"https:\/\/prinsbarbecuepits.com\/de\/wp-json\/wp\/v2\/product_cat?post=17440"},{"taxonomy":"product_tag","embeddable":true,"href":"https:\/\/prinsbarbecuepits.com\/de\/wp-json\/wp\/v2\/product_tag?post=17440"}],"curies":[{"name":"wp","href":"https:\/\/api.w.org\/{rel}","templated":true}]}}