{"id":17448,"date":"2025-05-27T10:36:28","date_gmt":"2025-05-27T10:36:28","guid":{"rendered":"https:\/\/prinsbarbecuepits.com\/product\/rookkast\/"},"modified":"2026-05-12T14:00:21","modified_gmt":"2026-05-12T14:00:21","slug":"cabinet-smoker","status":"publish","type":"product","link":"https:\/\/prinsbarbecuepits.com\/de\/produkt\/cabinet-smoker\/","title":{"rendered":"Cabinet Smoker"},"content":{"rendered":"<p>[vc_row][vc_column width=&#8220;1\/6&#8243; responsive_css=&#8220;margin_right_large:100px|margin_left_large:100px&#8220; css=&#8220;.vc_custom_1775649766381{margin-right: 25px !important;margin-left: 25px !important;}&#8220;][vc_row_inner responsive_css=&#8220;margin_top_large:50px|margin_top_medium:50px&#8220; css=&#8220;.vc_custom_1773829200392{margin-top: 25px !important;}&#8220;][vc_column_inner][\/vc_column_inner][\/vc_row_inner][\/vc_column][vc_column width=&#8220;2\/3&#8243; responsive_css=&#8220;margin_right_medium:50px|margin_left_medium:50px&#8220;][vc_column_text]<\/p>\n<h2><span style=\"font-size: 18px;\">Leistungsstarker Cabinet Smoker f\u00fcr Kalt- und Warmr\u00e4uchern<\/span><\/h2>\n<p class=\"isSelectedEnd\">Bei Prins Barbecue Pits bauen wir keine Standard-R\u00e4ucherschr\u00e4nke, sondern robuste Stahl-Smoker, die f\u00fcr den ernsthaften Einsatz entwickelt wurden. Jeder R\u00e4ucherschrank \u2013 auch R\u00e4ucherofen genannt \u2013 wird in unserer Werkstatt in den Niederlanden von Hand geschwei\u00dft und f\u00fcr eine langfristige Leistung konzipiert. Ob Sie zu Hause Lachs oder Aal r\u00e4uchern m\u00f6chten oder gr\u00f6\u00dfere Mengen Fleisch und K\u00e4se verarbeiten \u2013 dieser Smoker ist daf\u00fcr gebaut.<\/p>\n<h3><span style=\"font-size: 18px;\">Entwickelt f\u00fcr stabile und kontrollierte R\u00e4uchervorg\u00e4nge<\/span><\/h3>\n<p class=\"isSelectedEnd\">Leichte, d\u00fcnnwandige R\u00e4ucherschr\u00e4nke verlieren oft schnell ihre Temperatur und reagieren empfindlich auf Witterungseinfl\u00fcsse. Unsere Cabinet Smoker sind dagegen schwer und massiv gebaut, wodurch W\u00e4rme und Rauch deutlich stabiler bleiben. Das sorgt f\u00fcr konstante Ergebnisse bei langen R\u00e4ucherprozessen \u2013 selbst bei Wind oder niedrigen Au\u00dfentemperaturen. Jedes Detail wird von Hand gefertigt: starke Schwei\u00dfn\u00e4hte, robuste Scharniere und eine Verarbeitung, die f\u00fcr den intensiven Einsatz gemacht ist. Dies ist ein R\u00e4ucherschrank, den Sie nicht nach einer Saison ersetzen, sondern viele Jahre nutzen.<\/p>\n<h3>Geeignet f\u00fcr Kalt- und Warmr\u00e4uchern<\/h3>\n<p class=\"isSelectedEnd\">Dieser R\u00e4ucherschrank wurde f\u00fcr Nutzer entwickelt, die sowohl kalt als auch warm r\u00e4uchern m\u00f6chten \u2013 mit nur einer Anlage. Dank der stabilen Temperaturregelung und der gro\u00dfz\u00fcgigen R\u00e4ucherkammer k\u00f6nnen verschiedene R\u00e4uchertechniken flexibel angewendet werden. Dadurch eignet sich der Smoker sowohl f\u00fcr leidenschaftliche Hobby-Griller als auch f\u00fcr kleinere Produzenten mit regelm\u00e4\u00dfig gr\u00f6\u00dferen Mengen.<\/p>\n<h3>Effiziente Nutzung des Innenraums<\/h3>\n<p class=\"isSelectedEnd\">Durch die rechteckige Bauform wird der Innenraum optimal genutzt. So k\u00f6nnen mehrere Produkte gleichzeitig ger\u00e4uchert werden, ohne die Luftzirkulation zu beeintr\u00e4chtigen. Das erm\u00f6glicht ein effizientes Arbeiten mit gr\u00f6\u00dferen Mengen Fisch, Fleisch oder K\u00e4se \u2013 ohne Kompromisse bei der Qualit\u00e4t.<\/p>\n<h3><span style=\"font-size: 18px;\">Flexibles R\u00e4uchern dank Firebox-System<\/span><\/h3>\n<p class=\"isSelectedEnd\">Der Smoker ist mit einer separaten Firebox ausgestattet, wodurch Sie die Art des R\u00e4ucherns flexibel steuern k\u00f6nnen. Je nach Produkt und gew\u00fcnschtem Geschmack k\u00f6nnen Sie mit direkter Hitze arbeiten oder indirektes R\u00e4uchern w\u00e4hlen. Die integrierte Fettauffangplatte verhindert, dass Fett ins Feuer tropft, und sorgt so f\u00fcr einen saubereren und gleichm\u00e4\u00dfigeren R\u00e4ucherprozess.<\/p>\n<h3><span style=\"font-size: 18px;\">Praktische Verarbeitung und durchdachte Details<\/span><\/h3>\n<p class=\"isSelectedEnd\">Jeder R\u00e4ucherschrank verf\u00fcgt \u00fcber funktionale Details, die die Nutzung erleichtern: ein pr\u00e4zises Thermometer zur Temperaturkontrolle, eine stabile Stahlkonstruktion aus dickem Stahlblech sowie hitzebest\u00e4ndige R\u00e4der f\u00fcr die Mobilit\u00e4t der Firebox. Alles ist auf Kontrolle, Benutzerfreundlichkeit und Langlebigkeit ausgelegt.<\/p>\n<h2><span style=\"font-size: 18px;\">Fragen zu unseren R\u00e4ucherschr\u00e4nken?<\/span><\/h2>\n<p>Ein professioneller R\u00e4ucherschrank ist eine Investition in Qualit\u00e4t und perfekte Ergebnisse. Gerne beraten wir Sie bei der Auswahl der passenden L\u00f6sung und informieren Sie \u00fcber individuelle Ma\u00dfanfertigungen. Kontaktieren Sie uns gerne f\u00fcr pers\u00f6nliche Beratung oder ma\u00dfgeschneiderte Optionen.[\/vc_column_text]<style>.ld_button_6a091c501be86.btn-icon-solid .btn-icon{background:#b39457;}.ld_button_6a091c501be86.btn-icon-circle.btn-icon-ripple .btn-icon:before{border-color:#b39457;}.ld_button_6a091c501be86{background-color:#b39457;border-color:#b39457;color:rgb(255, 255, 255);}.ld_button_6a091c501be86 .btn-gradient-border defs stop:first-child{stop-color:#b39457;}.ld_button_6a091c501be86 .btn-gradient-border defs stop:last-child{stop-color:#b39457;}<\/style><a href=\"https:\/\/prinsbarbecuepits.com\/de\/kontakt\/\" title=\"Contact\" class=\"btn btn-solid btn-sm semi-round border-thin btn-has-label ld_button_6a091c501be86 vc_custom_1778593433764\" >\n\t<span>\n\t\n\t\t\t\t\t<span class=\"btn-txt\" data-text=\"Jetzt unverbindlich anfragen\" >Jetzt unverbindlich anfragen<\/span>\n\t\t\n\t\t\t\t\t<\/span>\n<\/a>\n<style>.ld_spacer_6a091c501c925{height:32px;}<\/style>\n<div class=\"ld-empty-space ld_spacer_6a091c501c925\"><\/div>[\/vc_column][vc_column width=&#8220;1\/6&#8243;][\/vc_column][\/vc_row]<\/p>\n","protected":false},"excerpt":{"rendered":"<p class=\"isSelectedEnd\">Die Prins R\u00e4ucherkammer \u2013 auch bekannt als Cabinet Smoker \u2013 ist ein robuster und langlebiger Smoker f\u00fcr alle, die auf der Suche nach echter Qualit\u00e4t sind. Gefertigt aus hochwertigem Stahlblech und entwickelt f\u00fcr den intensiven Einsatz, bietet diese R\u00e4ucherkammer alles, was Sie ben\u00f6tigen, um Fisch, Fleisch, K\u00e4se und andere Produkte einfach und kontrolliert sowohl direkt als auch indirekt zu r\u00e4uchern.<\/p>\n<ul data-spread=\"false\">\n<li>Geeignet f\u00fcr ca. 10 kg Aal pro R\u00e4uchervorgang<\/li>\n<li>Platz f\u00fcr bis zu 8 Grillroste<\/li>\n<li>Perfekt zum Kalt- und Warmr\u00e4uchern<\/li>\n<li>Ideal f\u00fcr gro\u00dfe Mengen Fisch und andere Produkte<\/li>\n<li>Abmessungen: 122 cm x 70 cm x 205 cm (L x B x H)<\/li>\n<\/ul>\n","protected":false},"featured_media":17449,"comment_status":"open","ping_status":"closed","template":"","meta":{"inline_featured_image":false},"product_brand":[],"product_cat":[208],"product_tag":[],"class_list":{"0":"post-17448","1":"product","2":"type-product","3":"status-publish","4":"has-post-thumbnail","6":"product_cat-smokers","8":"first","9":"instock","10":"taxable","11":"shipping-taxable","12":"purchasable","13":"product-type-simple"},"yoast_head":"<!-- This site is optimized with the Yoast SEO plugin v27.6 - https:\/\/yoast.com\/product\/yoast-seo-wordpress\/ -->\n<title>Cabinet Smoker kaufen? | Premium Qualit\u00e4t | Prins Barbecue Pits<\/title>\n<meta name=\"description\" content=\"Robuste R\u00e4ucherkammer zum R\u00e4uchern von Fisch, Fleisch oder Gem\u00fcse. Entdecken Sie die R\u00e4ucherkammern \u2013 entwickelt f\u00fcr das Kalt- und Warmr\u00e4uchern!\" \/>\n<meta name=\"robots\" content=\"index, follow, max-snippet:-1, max-image-preview:large, max-video-preview:-1\" \/>\n<link rel=\"canonical\" href=\"https:\/\/prinsbarbecuepits.com\/de\/produkt\/cabinet-smoker\/\" \/>\n<meta property=\"og:locale\" content=\"de_DE\" \/>\n<meta property=\"og:type\" content=\"article\" \/>\n<meta property=\"og:title\" content=\"Cabinet Smoker kaufen? | Premium Qualit\u00e4t | Prins Barbecue Pits\" \/>\n<meta property=\"og:description\" content=\"Robuste R\u00e4ucherkammer zum R\u00e4uchern von Fisch, Fleisch oder Gem\u00fcse. Entdecken Sie die R\u00e4ucherkammern \u2013 entwickelt f\u00fcr das Kalt- und Warmr\u00e4uchern!\" \/>\n<meta property=\"og:url\" content=\"https:\/\/prinsbarbecuepits.com\/de\/produkt\/cabinet-smoker\/\" \/>\n<meta property=\"og:site_name\" content=\"Prins Barbecue Pits\" \/>\n<meta property=\"article:modified_time\" content=\"2026-05-12T14:00:21+00:00\" \/>\n<meta property=\"og:image\" content=\"https:\/\/prinsbarbecuepits.com\/wp-content\/uploads\/2025\/05\/Rookkast_1000x900_HQ.png\" \/>\n\t<meta property=\"og:image:width\" content=\"1000\" \/>\n\t<meta property=\"og:image:height\" content=\"900\" \/>\n\t<meta property=\"og:image:type\" content=\"image\/png\" \/>\n<meta name=\"twitter:card\" content=\"summary_large_image\" \/>\n<meta name=\"twitter:label1\" content=\"Gesch\u00e4tzte Lesezeit\" \/>\n\t<meta name=\"twitter:data1\" content=\"3\u00a0Minuten\" \/>\n<script type=\"application\/ld+json\" class=\"yoast-schema-graph\">{\"@context\":\"https:\\\/\\\/schema.org\",\"@graph\":[{\"@type\":\"WebPage\",\"@id\":\"https:\\\/\\\/prinsbarbecuepits.com\\\/de\\\/produkt\\\/cabinet-smoker\\\/\",\"url\":\"https:\\\/\\\/prinsbarbecuepits.com\\\/de\\\/produkt\\\/cabinet-smoker\\\/\",\"name\":\"Cabinet Smoker kaufen? | Premium Qualit\u00e4t | Prins Barbecue Pits\",\"isPartOf\":{\"@id\":\"https:\\\/\\\/prinsbarbecuepits.com\\\/de\\\/#website\"},\"primaryImageOfPage\":{\"@id\":\"https:\\\/\\\/prinsbarbecuepits.com\\\/de\\\/produkt\\\/cabinet-smoker\\\/#primaryimage\"},\"image\":{\"@id\":\"https:\\\/\\\/prinsbarbecuepits.com\\\/de\\\/produkt\\\/cabinet-smoker\\\/#primaryimage\"},\"thumbnailUrl\":\"https:\\\/\\\/prinsbarbecuepits.com\\\/wp-content\\\/uploads\\\/2025\\\/05\\\/Rookkast_1000x900_HQ.png\",\"datePublished\":\"2025-05-27T10:36:28+00:00\",\"dateModified\":\"2026-05-12T14:00:21+00:00\",\"description\":\"Robuste R\u00e4ucherkammer zum R\u00e4uchern von Fisch, Fleisch oder Gem\u00fcse. Entdecken Sie die R\u00e4ucherkammern \u2013 entwickelt f\u00fcr das Kalt- und Warmr\u00e4uchern!\",\"breadcrumb\":{\"@id\":\"https:\\\/\\\/prinsbarbecuepits.com\\\/de\\\/produkt\\\/cabinet-smoker\\\/#breadcrumb\"},\"inLanguage\":\"de\",\"potentialAction\":[{\"@type\":\"ReadAction\",\"target\":[\"https:\\\/\\\/prinsbarbecuepits.com\\\/de\\\/produkt\\\/cabinet-smoker\\\/\"]}]},{\"@type\":\"ImageObject\",\"inLanguage\":\"de\",\"@id\":\"https:\\\/\\\/prinsbarbecuepits.com\\\/de\\\/produkt\\\/cabinet-smoker\\\/#primaryimage\",\"url\":\"https:\\\/\\\/prinsbarbecuepits.com\\\/wp-content\\\/uploads\\\/2025\\\/05\\\/Rookkast_1000x900_HQ.png\",\"contentUrl\":\"https:\\\/\\\/prinsbarbecuepits.com\\\/wp-content\\\/uploads\\\/2025\\\/05\\\/Rookkast_1000x900_HQ.png\",\"width\":1000,\"height\":900,\"caption\":\"Rookkast\"},{\"@type\":\"BreadcrumbList\",\"@id\":\"https:\\\/\\\/prinsbarbecuepits.com\\\/de\\\/produkt\\\/cabinet-smoker\\\/#breadcrumb\",\"itemListElement\":[{\"@type\":\"ListItem\",\"position\":1,\"name\":\"Home\",\"item\":\"https:\\\/\\\/prinsbarbecuepits.com\\\/de\\\/\"},{\"@type\":\"ListItem\",\"position\":2,\"name\":\"Shop\",\"item\":\"https:\\\/\\\/prinsbarbecuepits.com\\\/de\\\/shop\\\/\"},{\"@type\":\"ListItem\",\"position\":3,\"name\":\"Cabinet Smoker\"}]},{\"@type\":\"WebSite\",\"@id\":\"https:\\\/\\\/prinsbarbecuepits.com\\\/de\\\/#website\",\"url\":\"https:\\\/\\\/prinsbarbecuepits.com\\\/de\\\/\",\"name\":\"Prins Barbecue Pits\",\"description\":\"Handgemaakte offset smokers.\",\"publisher\":{\"@id\":\"https:\\\/\\\/prinsbarbecuepits.com\\\/de\\\/#organization\"},\"potentialAction\":[{\"@type\":\"SearchAction\",\"target\":{\"@type\":\"EntryPoint\",\"urlTemplate\":\"https:\\\/\\\/prinsbarbecuepits.com\\\/de\\\/?s={search_term_string}\"},\"query-input\":{\"@type\":\"PropertyValueSpecification\",\"valueRequired\":true,\"valueName\":\"search_term_string\"}}],\"inLanguage\":\"de\"},{\"@type\":\"Organization\",\"@id\":\"https:\\\/\\\/prinsbarbecuepits.com\\\/de\\\/#organization\",\"name\":\"Prins Barbecue Pits\",\"url\":\"https:\\\/\\\/prinsbarbecuepits.com\\\/de\\\/\",\"logo\":{\"@type\":\"ImageObject\",\"inLanguage\":\"de\",\"@id\":\"https:\\\/\\\/prinsbarbecuepits.com\\\/de\\\/#\\\/schema\\\/logo\\\/image\\\/\",\"url\":\"https:\\\/\\\/prinsbarbecuepits.com\\\/wp-content\\\/uploads\\\/2023\\\/05\\\/mobile_logo_mei.png\",\"contentUrl\":\"https:\\\/\\\/prinsbarbecuepits.com\\\/wp-content\\\/uploads\\\/2023\\\/05\\\/mobile_logo_mei.png\",\"width\":150,\"height\":150,\"caption\":\"Prins Barbecue Pits\"},\"image\":{\"@id\":\"https:\\\/\\\/prinsbarbecuepits.com\\\/de\\\/#\\\/schema\\\/logo\\\/image\\\/\"},\"sameAs\":[\"https:\\\/\\\/www.instagram.com\\\/prinsbarbecuepits\\\/\"]}]}<\/script>\n<!-- \/ Yoast SEO plugin. -->","yoast_head_json":{"title":"Cabinet Smoker kaufen? | Premium Qualit\u00e4t | Prins Barbecue Pits","description":"Robuste R\u00e4ucherkammer zum R\u00e4uchern von Fisch, Fleisch oder Gem\u00fcse. Entdecken Sie die R\u00e4ucherkammern \u2013 entwickelt f\u00fcr das Kalt- und Warmr\u00e4uchern!","robots":{"index":"index","follow":"follow","max-snippet":"max-snippet:-1","max-image-preview":"max-image-preview:large","max-video-preview":"max-video-preview:-1"},"canonical":"https:\/\/prinsbarbecuepits.com\/de\/produkt\/cabinet-smoker\/","og_locale":"de_DE","og_type":"article","og_title":"Cabinet Smoker kaufen? | Premium Qualit\u00e4t | Prins Barbecue Pits","og_description":"Robuste R\u00e4ucherkammer zum R\u00e4uchern von Fisch, Fleisch oder Gem\u00fcse. Entdecken Sie die R\u00e4ucherkammern \u2013 entwickelt f\u00fcr das Kalt- und Warmr\u00e4uchern!","og_url":"https:\/\/prinsbarbecuepits.com\/de\/produkt\/cabinet-smoker\/","og_site_name":"Prins Barbecue Pits","article_modified_time":"2026-05-12T14:00:21+00:00","og_image":[{"width":1000,"height":900,"url":"https:\/\/prinsbarbecuepits.com\/wp-content\/uploads\/2025\/05\/Rookkast_1000x900_HQ.png","type":"image\/png"}],"twitter_card":"summary_large_image","twitter_misc":{"Gesch\u00e4tzte Lesezeit":"3\u00a0Minuten"},"schema":{"@context":"https:\/\/schema.org","@graph":[{"@type":"WebPage","@id":"https:\/\/prinsbarbecuepits.com\/de\/produkt\/cabinet-smoker\/","url":"https:\/\/prinsbarbecuepits.com\/de\/produkt\/cabinet-smoker\/","name":"Cabinet Smoker kaufen? | Premium Qualit\u00e4t | Prins Barbecue Pits","isPartOf":{"@id":"https:\/\/prinsbarbecuepits.com\/de\/#website"},"primaryImageOfPage":{"@id":"https:\/\/prinsbarbecuepits.com\/de\/produkt\/cabinet-smoker\/#primaryimage"},"image":{"@id":"https:\/\/prinsbarbecuepits.com\/de\/produkt\/cabinet-smoker\/#primaryimage"},"thumbnailUrl":"https:\/\/prinsbarbecuepits.com\/wp-content\/uploads\/2025\/05\/Rookkast_1000x900_HQ.png","datePublished":"2025-05-27T10:36:28+00:00","dateModified":"2026-05-12T14:00:21+00:00","description":"Robuste R\u00e4ucherkammer zum R\u00e4uchern von Fisch, Fleisch oder Gem\u00fcse. Entdecken Sie die R\u00e4ucherkammern \u2013 entwickelt f\u00fcr das Kalt- und Warmr\u00e4uchern!","breadcrumb":{"@id":"https:\/\/prinsbarbecuepits.com\/de\/produkt\/cabinet-smoker\/#breadcrumb"},"inLanguage":"de","potentialAction":[{"@type":"ReadAction","target":["https:\/\/prinsbarbecuepits.com\/de\/produkt\/cabinet-smoker\/"]}]},{"@type":"ImageObject","inLanguage":"de","@id":"https:\/\/prinsbarbecuepits.com\/de\/produkt\/cabinet-smoker\/#primaryimage","url":"https:\/\/prinsbarbecuepits.com\/wp-content\/uploads\/2025\/05\/Rookkast_1000x900_HQ.png","contentUrl":"https:\/\/prinsbarbecuepits.com\/wp-content\/uploads\/2025\/05\/Rookkast_1000x900_HQ.png","width":1000,"height":900,"caption":"Rookkast"},{"@type":"BreadcrumbList","@id":"https:\/\/prinsbarbecuepits.com\/de\/produkt\/cabinet-smoker\/#breadcrumb","itemListElement":[{"@type":"ListItem","position":1,"name":"Home","item":"https:\/\/prinsbarbecuepits.com\/de\/"},{"@type":"ListItem","position":2,"name":"Shop","item":"https:\/\/prinsbarbecuepits.com\/de\/shop\/"},{"@type":"ListItem","position":3,"name":"Cabinet Smoker"}]},{"@type":"WebSite","@id":"https:\/\/prinsbarbecuepits.com\/de\/#website","url":"https:\/\/prinsbarbecuepits.com\/de\/","name":"Prins Barbecue Pits","description":"Handgemaakte offset smokers.","publisher":{"@id":"https:\/\/prinsbarbecuepits.com\/de\/#organization"},"potentialAction":[{"@type":"SearchAction","target":{"@type":"EntryPoint","urlTemplate":"https:\/\/prinsbarbecuepits.com\/de\/?s={search_term_string}"},"query-input":{"@type":"PropertyValueSpecification","valueRequired":true,"valueName":"search_term_string"}}],"inLanguage":"de"},{"@type":"Organization","@id":"https:\/\/prinsbarbecuepits.com\/de\/#organization","name":"Prins Barbecue Pits","url":"https:\/\/prinsbarbecuepits.com\/de\/","logo":{"@type":"ImageObject","inLanguage":"de","@id":"https:\/\/prinsbarbecuepits.com\/de\/#\/schema\/logo\/image\/","url":"https:\/\/prinsbarbecuepits.com\/wp-content\/uploads\/2023\/05\/mobile_logo_mei.png","contentUrl":"https:\/\/prinsbarbecuepits.com\/wp-content\/uploads\/2023\/05\/mobile_logo_mei.png","width":150,"height":150,"caption":"Prins Barbecue Pits"},"image":{"@id":"https:\/\/prinsbarbecuepits.com\/de\/#\/schema\/logo\/image\/"},"sameAs":["https:\/\/www.instagram.com\/prinsbarbecuepits\/"]}]}},"_links":{"self":[{"href":"https:\/\/prinsbarbecuepits.com\/de\/wp-json\/wp\/v2\/product\/17448","targetHints":{"allow":["GET"]}}],"collection":[{"href":"https:\/\/prinsbarbecuepits.com\/de\/wp-json\/wp\/v2\/product"}],"about":[{"href":"https:\/\/prinsbarbecuepits.com\/de\/wp-json\/wp\/v2\/types\/product"}],"replies":[{"embeddable":true,"href":"https:\/\/prinsbarbecuepits.com\/de\/wp-json\/wp\/v2\/comments?post=17448"}],"wp:featuredmedia":[{"embeddable":true,"href":"https:\/\/prinsbarbecuepits.com\/de\/wp-json\/wp\/v2\/media\/17449"}],"wp:attachment":[{"href":"https:\/\/prinsbarbecuepits.com\/de\/wp-json\/wp\/v2\/media?parent=17448"}],"wp:term":[{"taxonomy":"product_brand","embeddable":true,"href":"https:\/\/prinsbarbecuepits.com\/de\/wp-json\/wp\/v2\/product_brand?post=17448"},{"taxonomy":"product_cat","embeddable":true,"href":"https:\/\/prinsbarbecuepits.com\/de\/wp-json\/wp\/v2\/product_cat?post=17448"},{"taxonomy":"product_tag","embeddable":true,"href":"https:\/\/prinsbarbecuepits.com\/de\/wp-json\/wp\/v2\/product_tag?post=17448"}],"curies":[{"name":"wp","href":"https:\/\/api.w.org\/{rel}","templated":true}]}}