{"id":17495,"date":"2024-05-06T20:02:15","date_gmt":"2024-05-06T20:02:15","guid":{"rendered":"https:\/\/prinsbarbecuepits.com\/product\/pitmasterx-offset-smoker\/"},"modified":"2026-05-12T15:06:40","modified_gmt":"2026-05-12T15:06:40","slug":"pitmasterx-offset-smoker","status":"publish","type":"product","link":"https:\/\/prinsbarbecuepits.com\/de\/produkt\/pitmasterx-offset-smoker\/","title":{"rendered":"PitmasterX Offset Smoker"},"content":{"rendered":"","protected":false},"excerpt":{"rendered":"<p class=\"isSelectedEnd\">Mit einem tiefen Verst\u00e4ndnis f\u00fcr das R\u00e4uchern von Fleisch und handwerklicher Metallverarbeitung konnten wir einen kompromisslosen BBQ-Smoker entwickeln, der erstklassige Leistung bietet. Jedes Detail wurde sorgf\u00e4ltig durchdacht, um Ihr Grillerlebnis auf ein neues Niveau zu bringen. Dieser Smoker ist daf\u00fcr gebaut, den Test der Zeit zu bestehen und \u00fcber Generationen hinweg genutzt zu werden.<\/p>\n<p class=\"isSelectedEnd\">Dieser Offset Smoker verf\u00fcgt \u00fcber mehrere einzigartige PitmasterX-Features im Design. Diese Funktionen wurden entwickelt, um Ihr Smoker-Erlebnis zu verbessern und bei jeder Nutzung optimale Ergebnisse zu erzielen. Sie sorgen f\u00fcr zus\u00e4tzliche Funktionalit\u00e4t und noch mehr Freude beim Grillen und Smoken.<\/p>\n<p><a href=\"https:\/\/prinsbarbecuepits.com\/pitmasterx-offsetsmoker\/\">Mehr \u00fcber diesen Smoker erfahren<\/a><\/p>\n<p>Versand in ganz Europa m\u00f6glich. Die Versandkosten h\u00e4ngen vom jeweiligen Standort ab<\/p>\n","protected":false},"featured_media":17496,"comment_status":"open","ping_status":"closed","template":"","meta":{"inline_featured_image":false},"product_brand":[],"product_cat":[208],"product_tag":[],"class_list":{"0":"post-17495","1":"product","2":"type-product","3":"status-publish","4":"has-post-thumbnail","6":"product_cat-smokers","7":"product_shipping_class-barbecue-nederland","9":"first","10":"instock","11":"taxable","12":"shipping-taxable","13":"purchasable","14":"product-type-simple"},"yoast_head":"<!-- This site is optimized with the Yoast SEO plugin v27.6 - https:\/\/yoast.com\/product\/yoast-seo-wordpress\/ -->\n<title>PitmasterX Offset Smoker - Prins Barbecue Pits<\/title>\n<meta name=\"description\" content=\"PitmasterX Offset Smoker. We were able to craft a no- nonsens barbecue, that is able to perform best in class. With unique features.\" \/>\n<meta name=\"robots\" content=\"index, follow, max-snippet:-1, max-image-preview:large, max-video-preview:-1\" \/>\n<link rel=\"canonical\" href=\"https:\/\/prinsbarbecuepits.com\/de\/produkt\/pitmasterx-offset-smoker\/\" \/>\n<meta property=\"og:locale\" content=\"de_DE\" \/>\n<meta property=\"og:type\" content=\"article\" \/>\n<meta property=\"og:title\" content=\"PitmasterX Offset Smoker - Prins Barbecue Pits\" \/>\n<meta property=\"og:description\" content=\"PitmasterX Offset Smoker. We were able to craft a no- nonsens barbecue, that is able to perform best in class. With unique features.\" \/>\n<meta property=\"og:url\" content=\"https:\/\/prinsbarbecuepits.com\/de\/produkt\/pitmasterx-offset-smoker\/\" \/>\n<meta property=\"og:site_name\" content=\"Prins Barbecue Pits\" \/>\n<meta property=\"article:modified_time\" content=\"2026-05-12T15:06:40+00:00\" \/>\n<meta property=\"og:image\" content=\"https:\/\/prinsbarbecuepits.com\/wp-content\/uploads\/2024\/05\/pitmasterX_.jpg.webp\" \/>\n\t<meta property=\"og:image:width\" content=\"990\" \/>\n\t<meta property=\"og:image:height\" content=\"990\" \/>\n\t<meta property=\"og:image:type\" content=\"image\/webp\" \/>\n<meta name=\"twitter:card\" content=\"summary_large_image\" \/>\n<meta name=\"twitter:label1\" content=\"Gesch\u00e4tzte Lesezeit\" \/>\n\t<meta name=\"twitter:data1\" content=\"1\u00a0Minute\" \/>\n<script type=\"application\/ld+json\" class=\"yoast-schema-graph\">{\"@context\":\"https:\\\/\\\/schema.org\",\"@graph\":[{\"@type\":\"WebPage\",\"@id\":\"https:\\\/\\\/prinsbarbecuepits.com\\\/de\\\/produkt\\\/pitmasterx-offset-smoker\\\/\",\"url\":\"https:\\\/\\\/prinsbarbecuepits.com\\\/de\\\/produkt\\\/pitmasterx-offset-smoker\\\/\",\"name\":\"PitmasterX Offset Smoker - Prins Barbecue Pits\",\"isPartOf\":{\"@id\":\"https:\\\/\\\/prinsbarbecuepits.com\\\/de\\\/#website\"},\"primaryImageOfPage\":{\"@id\":\"https:\\\/\\\/prinsbarbecuepits.com\\\/de\\\/produkt\\\/pitmasterx-offset-smoker\\\/#primaryimage\"},\"image\":{\"@id\":\"https:\\\/\\\/prinsbarbecuepits.com\\\/de\\\/produkt\\\/pitmasterx-offset-smoker\\\/#primaryimage\"},\"thumbnailUrl\":\"https:\\\/\\\/prinsbarbecuepits.com\\\/wp-content\\\/uploads\\\/2024\\\/05\\\/pitmasterX_.jpg.webp\",\"datePublished\":\"2024-05-06T20:02:15+00:00\",\"dateModified\":\"2026-05-12T15:06:40+00:00\",\"description\":\"PitmasterX Offset Smoker. We were able to craft a no- nonsens barbecue, that is able to perform best in class. With unique features.\",\"breadcrumb\":{\"@id\":\"https:\\\/\\\/prinsbarbecuepits.com\\\/de\\\/produkt\\\/pitmasterx-offset-smoker\\\/#breadcrumb\"},\"inLanguage\":\"de\",\"potentialAction\":[{\"@type\":\"ReadAction\",\"target\":[\"https:\\\/\\\/prinsbarbecuepits.com\\\/de\\\/produkt\\\/pitmasterx-offset-smoker\\\/\"]}]},{\"@type\":\"ImageObject\",\"inLanguage\":\"de\",\"@id\":\"https:\\\/\\\/prinsbarbecuepits.com\\\/de\\\/produkt\\\/pitmasterx-offset-smoker\\\/#primaryimage\",\"url\":\"https:\\\/\\\/prinsbarbecuepits.com\\\/wp-content\\\/uploads\\\/2024\\\/05\\\/pitmasterX_.jpg.webp\",\"contentUrl\":\"https:\\\/\\\/prinsbarbecuepits.com\\\/wp-content\\\/uploads\\\/2024\\\/05\\\/pitmasterX_.jpg.webp\",\"width\":990,\"height\":990,\"caption\":\"pitmaster x bbq smoker\"},{\"@type\":\"BreadcrumbList\",\"@id\":\"https:\\\/\\\/prinsbarbecuepits.com\\\/de\\\/produkt\\\/pitmasterx-offset-smoker\\\/#breadcrumb\",\"itemListElement\":[{\"@type\":\"ListItem\",\"position\":1,\"name\":\"Home\",\"item\":\"https:\\\/\\\/prinsbarbecuepits.com\\\/de\\\/\"},{\"@type\":\"ListItem\",\"position\":2,\"name\":\"Shop\",\"item\":\"https:\\\/\\\/prinsbarbecuepits.com\\\/de\\\/shop\\\/\"},{\"@type\":\"ListItem\",\"position\":3,\"name\":\"PitmasterX Offset Smoker\"}]},{\"@type\":\"WebSite\",\"@id\":\"https:\\\/\\\/prinsbarbecuepits.com\\\/de\\\/#website\",\"url\":\"https:\\\/\\\/prinsbarbecuepits.com\\\/de\\\/\",\"name\":\"Prins Barbecue Pits\",\"description\":\"Handgemaakte offset smokers.\",\"publisher\":{\"@id\":\"https:\\\/\\\/prinsbarbecuepits.com\\\/de\\\/#organization\"},\"potentialAction\":[{\"@type\":\"SearchAction\",\"target\":{\"@type\":\"EntryPoint\",\"urlTemplate\":\"https:\\\/\\\/prinsbarbecuepits.com\\\/de\\\/?s={search_term_string}\"},\"query-input\":{\"@type\":\"PropertyValueSpecification\",\"valueRequired\":true,\"valueName\":\"search_term_string\"}}],\"inLanguage\":\"de\"},{\"@type\":\"Organization\",\"@id\":\"https:\\\/\\\/prinsbarbecuepits.com\\\/de\\\/#organization\",\"name\":\"Prins Barbecue Pits\",\"url\":\"https:\\\/\\\/prinsbarbecuepits.com\\\/de\\\/\",\"logo\":{\"@type\":\"ImageObject\",\"inLanguage\":\"de\",\"@id\":\"https:\\\/\\\/prinsbarbecuepits.com\\\/de\\\/#\\\/schema\\\/logo\\\/image\\\/\",\"url\":\"https:\\\/\\\/prinsbarbecuepits.com\\\/wp-content\\\/uploads\\\/2023\\\/05\\\/mobile_logo_mei.png\",\"contentUrl\":\"https:\\\/\\\/prinsbarbecuepits.com\\\/wp-content\\\/uploads\\\/2023\\\/05\\\/mobile_logo_mei.png\",\"width\":150,\"height\":150,\"caption\":\"Prins Barbecue Pits\"},\"image\":{\"@id\":\"https:\\\/\\\/prinsbarbecuepits.com\\\/de\\\/#\\\/schema\\\/logo\\\/image\\\/\"},\"sameAs\":[\"https:\\\/\\\/www.instagram.com\\\/prinsbarbecuepits\\\/\"]}]}<\/script>\n<!-- \/ Yoast SEO plugin. -->","yoast_head_json":{"title":"PitmasterX Offset Smoker - Prins Barbecue Pits","description":"PitmasterX Offset Smoker. We were able to craft a no- nonsens barbecue, that is able to perform best in class. With unique features.","robots":{"index":"index","follow":"follow","max-snippet":"max-snippet:-1","max-image-preview":"max-image-preview:large","max-video-preview":"max-video-preview:-1"},"canonical":"https:\/\/prinsbarbecuepits.com\/de\/produkt\/pitmasterx-offset-smoker\/","og_locale":"de_DE","og_type":"article","og_title":"PitmasterX Offset Smoker - Prins Barbecue Pits","og_description":"PitmasterX Offset Smoker. We were able to craft a no- nonsens barbecue, that is able to perform best in class. With unique features.","og_url":"https:\/\/prinsbarbecuepits.com\/de\/produkt\/pitmasterx-offset-smoker\/","og_site_name":"Prins Barbecue Pits","article_modified_time":"2026-05-12T15:06:40+00:00","og_image":[{"width":990,"height":990,"url":"https:\/\/prinsbarbecuepits.com\/wp-content\/uploads\/2024\/05\/pitmasterX_.jpg.webp","type":"image\/webp"}],"twitter_card":"summary_large_image","twitter_misc":{"Gesch\u00e4tzte Lesezeit":"1\u00a0Minute"},"schema":{"@context":"https:\/\/schema.org","@graph":[{"@type":"WebPage","@id":"https:\/\/prinsbarbecuepits.com\/de\/produkt\/pitmasterx-offset-smoker\/","url":"https:\/\/prinsbarbecuepits.com\/de\/produkt\/pitmasterx-offset-smoker\/","name":"PitmasterX Offset Smoker - Prins Barbecue Pits","isPartOf":{"@id":"https:\/\/prinsbarbecuepits.com\/de\/#website"},"primaryImageOfPage":{"@id":"https:\/\/prinsbarbecuepits.com\/de\/produkt\/pitmasterx-offset-smoker\/#primaryimage"},"image":{"@id":"https:\/\/prinsbarbecuepits.com\/de\/produkt\/pitmasterx-offset-smoker\/#primaryimage"},"thumbnailUrl":"https:\/\/prinsbarbecuepits.com\/wp-content\/uploads\/2024\/05\/pitmasterX_.jpg.webp","datePublished":"2024-05-06T20:02:15+00:00","dateModified":"2026-05-12T15:06:40+00:00","description":"PitmasterX Offset Smoker. We were able to craft a no- nonsens barbecue, that is able to perform best in class. With unique features.","breadcrumb":{"@id":"https:\/\/prinsbarbecuepits.com\/de\/produkt\/pitmasterx-offset-smoker\/#breadcrumb"},"inLanguage":"de","potentialAction":[{"@type":"ReadAction","target":["https:\/\/prinsbarbecuepits.com\/de\/produkt\/pitmasterx-offset-smoker\/"]}]},{"@type":"ImageObject","inLanguage":"de","@id":"https:\/\/prinsbarbecuepits.com\/de\/produkt\/pitmasterx-offset-smoker\/#primaryimage","url":"https:\/\/prinsbarbecuepits.com\/wp-content\/uploads\/2024\/05\/pitmasterX_.jpg.webp","contentUrl":"https:\/\/prinsbarbecuepits.com\/wp-content\/uploads\/2024\/05\/pitmasterX_.jpg.webp","width":990,"height":990,"caption":"pitmaster x bbq smoker"},{"@type":"BreadcrumbList","@id":"https:\/\/prinsbarbecuepits.com\/de\/produkt\/pitmasterx-offset-smoker\/#breadcrumb","itemListElement":[{"@type":"ListItem","position":1,"name":"Home","item":"https:\/\/prinsbarbecuepits.com\/de\/"},{"@type":"ListItem","position":2,"name":"Shop","item":"https:\/\/prinsbarbecuepits.com\/de\/shop\/"},{"@type":"ListItem","position":3,"name":"PitmasterX Offset Smoker"}]},{"@type":"WebSite","@id":"https:\/\/prinsbarbecuepits.com\/de\/#website","url":"https:\/\/prinsbarbecuepits.com\/de\/","name":"Prins Barbecue Pits","description":"Handgemaakte offset smokers.","publisher":{"@id":"https:\/\/prinsbarbecuepits.com\/de\/#organization"},"potentialAction":[{"@type":"SearchAction","target":{"@type":"EntryPoint","urlTemplate":"https:\/\/prinsbarbecuepits.com\/de\/?s={search_term_string}"},"query-input":{"@type":"PropertyValueSpecification","valueRequired":true,"valueName":"search_term_string"}}],"inLanguage":"de"},{"@type":"Organization","@id":"https:\/\/prinsbarbecuepits.com\/de\/#organization","name":"Prins Barbecue Pits","url":"https:\/\/prinsbarbecuepits.com\/de\/","logo":{"@type":"ImageObject","inLanguage":"de","@id":"https:\/\/prinsbarbecuepits.com\/de\/#\/schema\/logo\/image\/","url":"https:\/\/prinsbarbecuepits.com\/wp-content\/uploads\/2023\/05\/mobile_logo_mei.png","contentUrl":"https:\/\/prinsbarbecuepits.com\/wp-content\/uploads\/2023\/05\/mobile_logo_mei.png","width":150,"height":150,"caption":"Prins Barbecue Pits"},"image":{"@id":"https:\/\/prinsbarbecuepits.com\/de\/#\/schema\/logo\/image\/"},"sameAs":["https:\/\/www.instagram.com\/prinsbarbecuepits\/"]}]}},"_links":{"self":[{"href":"https:\/\/prinsbarbecuepits.com\/de\/wp-json\/wp\/v2\/product\/17495","targetHints":{"allow":["GET"]}}],"collection":[{"href":"https:\/\/prinsbarbecuepits.com\/de\/wp-json\/wp\/v2\/product"}],"about":[{"href":"https:\/\/prinsbarbecuepits.com\/de\/wp-json\/wp\/v2\/types\/product"}],"replies":[{"embeddable":true,"href":"https:\/\/prinsbarbecuepits.com\/de\/wp-json\/wp\/v2\/comments?post=17495"}],"wp:featuredmedia":[{"embeddable":true,"href":"https:\/\/prinsbarbecuepits.com\/de\/wp-json\/wp\/v2\/media\/17496"}],"wp:attachment":[{"href":"https:\/\/prinsbarbecuepits.com\/de\/wp-json\/wp\/v2\/media?parent=17495"}],"wp:term":[{"taxonomy":"product_brand","embeddable":true,"href":"https:\/\/prinsbarbecuepits.com\/de\/wp-json\/wp\/v2\/product_brand?post=17495"},{"taxonomy":"product_cat","embeddable":true,"href":"https:\/\/prinsbarbecuepits.com\/de\/wp-json\/wp\/v2\/product_cat?post=17495"},{"taxonomy":"product_tag","embeddable":true,"href":"https:\/\/prinsbarbecuepits.com\/de\/wp-json\/wp\/v2\/product_tag?post=17495"}],"curies":[{"name":"wp","href":"https:\/\/api.w.org\/{rel}","templated":true}]}}